{"id":991048,"date":"2026-02-04T22:29:49","date_gmt":"2026-02-04T21:29:49","guid":{"rendered":"https:\/\/parentheseflorale.fr\/?post_type=product&#038;p=991048"},"modified":"2026-02-05T18:17:53","modified_gmt":"2026-02-05T17:17:53","slug":"composition-les-facettes-de-lamour-%f0%9f%aa%a9","status":"publish","type":"product","link":"https:\/\/parentheseflorale.fr\/?product=composition-les-facettes-de-lamour-%f0%9f%aa%a9","title":{"rendered":"Composition &#8220;Les facettes de l&#8217;Amour \ud83e\udea9&#8221;"},"content":{"rendered":"<div class=\"vgblk-rw-wrapper limit-wrapper\">\n<ul>\n<li><span style=\"color: var(--vamtam-widget-text-lighter); letter-spacing: var(--vamtam-primary-font-letter-spacing-desktop,normal); text-transform: var(--vamtam-primary-font-transform,none);\">Gamme de couleurs : orange, jaune, saumon\u00a0<\/span><\/li>\n<li><span style=\"color: var(--vamtam-widget-text-lighter); letter-spacing: var(--vamtam-primary-font-letter-spacing-desktop,normal); text-transform: var(--vamtam-primary-font-transform,none);\">Format: M | L \u00a0(Pour tout autre format ou commande sp\u00e9ciale, nous vous invitons \u00e0 nous appeler directement en boutique)<\/span><\/li>\n<li>Compos\u00e9 de fleurs de saison, selon la s\u00e9lection de la semaine<\/li>\n<li>Disponible en retrait \u00e0 la boutique (69 rue de Marseille, 69007 Lyon) ou en livraison \u00e0 v\u00e9lo secteur Lyon\/Villeurbanne<\/li>\n<\/ul>\n<\/div>\n<p><!-- .vgblk-rw-wrapper --><\/p>\n","protected":false},"excerpt":{"rendered":"<p>Une composition aux multiples reflets et secrets, pens\u00e9e pour illuminer fleurs et se transformer ensuite en cache-pot.<\/p>\n","protected":false},"featured_media":991100,"comment_status":"closed","ping_status":"closed","template":"","meta":{"om_disable_all_campaigns":false,"_monsterinsights_skip_tracking":false,"_monsterinsights_sitenote_active":false,"_monsterinsights_sitenote_note":"","_monsterinsights_sitenote_category":0},"product_brand":[],"product_cat":[113],"product_tag":[],"class_list":{"0":"post-991048","1":"product","2":"type-product","3":"status-publish","4":"has-post-thumbnail","6":"product_cat-fleurs-fraiches","8":"first","9":"instock","10":"taxable","11":"shipping-taxable","12":"purchasable","13":"product-type-variable"},"yoast_head":"<!-- This site is optimized with the Yoast SEO plugin v27.4 - https:\/\/yoast.com\/product\/yoast-seo-wordpress\/ -->\n<title>Composition &quot;Les facettes de l&#039;Amour \ud83e\udea9&quot; - Parenth\u00e8se florale<\/title>\n<meta name=\"robots\" content=\"index, follow, max-snippet:-1, max-image-preview:large, max-video-preview:-1\" \/>\n<link rel=\"canonical\" href=\"https:\/\/parentheseflorale.fr\/?product=composition-les-facettes-de-lamour-\ud83e\udea9\" \/>\n<meta property=\"og:locale\" content=\"fr_FR\" \/>\n<meta property=\"og:type\" content=\"article\" \/>\n<meta property=\"og:title\" content=\"Composition &quot;Les facettes de l&#039;Amour \ud83e\udea9&quot; - Parenth\u00e8se florale\" \/>\n<meta property=\"og:description\" content=\"Une composition aux multiples reflets et secrets, pens\u00e9e pour illuminer fleurs et se transformer ensuite en cache-pot.\" \/>\n<meta property=\"og:url\" content=\"https:\/\/parentheseflorale.fr\/?product=composition-les-facettes-de-lamour-\ud83e\udea9\" \/>\n<meta property=\"og:site_name\" content=\"Parenth\u00e8se florale\" \/>\n<meta property=\"article:modified_time\" content=\"2026-02-05T17:17:53+00:00\" \/>\n<meta property=\"og:image\" content=\"https:\/\/parentheseflorale.fr\/wp-content\/uploads\/2026\/02\/DSC00393-scaled.jpg\" \/>\n\t<meta property=\"og:image:width\" content=\"2560\" \/>\n\t<meta property=\"og:image:height\" content=\"2560\" \/>\n\t<meta property=\"og:image:type\" content=\"image\/jpeg\" \/>\n<meta name=\"twitter:card\" content=\"summary_large_image\" \/>\n<script type=\"application\/ld+json\" class=\"yoast-schema-graph\">{\"@context\":\"https:\\\/\\\/schema.org\",\"@graph\":[{\"@type\":\"WebPage\",\"@id\":\"https:\\\/\\\/parentheseflorale.fr\\\/?product=composition-les-facettes-de-lamour-%f0%9f%aa%a9\",\"url\":\"https:\\\/\\\/parentheseflorale.fr\\\/?product=composition-les-facettes-de-lamour-%f0%9f%aa%a9\",\"name\":\"Composition \\\"Les facettes de l'Amour \ud83e\udea9\\\" - Parenth\u00e8se florale\",\"isPartOf\":{\"@id\":\"https:\\\/\\\/parentheseflorale.fr\\\/#website\"},\"primaryImageOfPage\":{\"@id\":\"https:\\\/\\\/parentheseflorale.fr\\\/?product=composition-les-facettes-de-lamour-%f0%9f%aa%a9#primaryimage\"},\"image\":{\"@id\":\"https:\\\/\\\/parentheseflorale.fr\\\/?product=composition-les-facettes-de-lamour-%f0%9f%aa%a9#primaryimage\"},\"thumbnailUrl\":\"https:\\\/\\\/parentheseflorale.fr\\\/wp-content\\\/uploads\\\/2026\\\/02\\\/DSC00393-scaled.jpg\",\"datePublished\":\"2026-02-04T21:29:49+00:00\",\"dateModified\":\"2026-02-05T17:17:53+00:00\",\"breadcrumb\":{\"@id\":\"https:\\\/\\\/parentheseflorale.fr\\\/?product=composition-les-facettes-de-lamour-%f0%9f%aa%a9#breadcrumb\"},\"inLanguage\":\"fr-FR\",\"potentialAction\":[{\"@type\":\"ReadAction\",\"target\":[\"https:\\\/\\\/parentheseflorale.fr\\\/?product=composition-les-facettes-de-lamour-%f0%9f%aa%a9\"]}]},{\"@type\":\"ImageObject\",\"inLanguage\":\"fr-FR\",\"@id\":\"https:\\\/\\\/parentheseflorale.fr\\\/?product=composition-les-facettes-de-lamour-%f0%9f%aa%a9#primaryimage\",\"url\":\"https:\\\/\\\/parentheseflorale.fr\\\/wp-content\\\/uploads\\\/2026\\\/02\\\/DSC00393-scaled.jpg\",\"contentUrl\":\"https:\\\/\\\/parentheseflorale.fr\\\/wp-content\\\/uploads\\\/2026\\\/02\\\/DSC00393-scaled.jpg\",\"width\":2560,\"height\":2560},{\"@type\":\"BreadcrumbList\",\"@id\":\"https:\\\/\\\/parentheseflorale.fr\\\/?product=composition-les-facettes-de-lamour-%f0%9f%aa%a9#breadcrumb\",\"itemListElement\":[{\"@type\":\"ListItem\",\"position\":1,\"name\":\"Accueil\",\"item\":\"https:\\\/\\\/parentheseflorale.fr\\\/\"},{\"@type\":\"ListItem\",\"position\":2,\"name\":\"Produits\",\"item\":\"https:\\\/\\\/parentheseflorale.fr\\\/?post_type=product\"},{\"@type\":\"ListItem\",\"position\":3,\"name\":\"Composition \u00ab\u00a0Les facettes de l&rsquo;Amour \ud83e\udea9\u00a0\u00bb\"}]},{\"@type\":\"WebSite\",\"@id\":\"https:\\\/\\\/parentheseflorale.fr\\\/#website\",\"url\":\"https:\\\/\\\/parentheseflorale.fr\\\/\",\"name\":\"Parenth\u00e8se florale\",\"description\":\"&quot;offrez vous un moment entre parenth\u00e8ses&quot;\",\"publisher\":{\"@id\":\"https:\\\/\\\/parentheseflorale.fr\\\/#organization\"},\"potentialAction\":[{\"@type\":\"SearchAction\",\"target\":{\"@type\":\"EntryPoint\",\"urlTemplate\":\"https:\\\/\\\/parentheseflorale.fr\\\/?s={search_term_string}\"},\"query-input\":{\"@type\":\"PropertyValueSpecification\",\"valueRequired\":true,\"valueName\":\"search_term_string\"}}],\"inLanguage\":\"fr-FR\"},{\"@type\":\"Organization\",\"@id\":\"https:\\\/\\\/parentheseflorale.fr\\\/#organization\",\"name\":\"Parenth\u00e8se florale\",\"url\":\"https:\\\/\\\/parentheseflorale.fr\\\/\",\"logo\":{\"@type\":\"ImageObject\",\"inLanguage\":\"fr-FR\",\"@id\":\"https:\\\/\\\/parentheseflorale.fr\\\/#\\\/schema\\\/logo\\\/image\\\/\",\"url\":\"https:\\\/\\\/parentheseflorale.fr\\\/wp-content\\\/uploads\\\/2021\\\/02\\\/PF-OK-transparent-01.png\",\"contentUrl\":\"https:\\\/\\\/parentheseflorale.fr\\\/wp-content\\\/uploads\\\/2021\\\/02\\\/PF-OK-transparent-01.png\",\"width\":1248,\"height\":1247,\"caption\":\"Parenth\u00e8se florale\"},\"image\":{\"@id\":\"https:\\\/\\\/parentheseflorale.fr\\\/#\\\/schema\\\/logo\\\/image\\\/\"}}]}<\/script>\n<!-- \/ Yoast SEO plugin. -->","yoast_head_json":{"title":"Composition \"Les facettes de l'Amour \ud83e\udea9\" - Parenth\u00e8se florale","robots":{"index":"index","follow":"follow","max-snippet":"max-snippet:-1","max-image-preview":"max-image-preview:large","max-video-preview":"max-video-preview:-1"},"canonical":"https:\/\/parentheseflorale.fr\/?product=composition-les-facettes-de-lamour-\ud83e\udea9","og_locale":"fr_FR","og_type":"article","og_title":"Composition \"Les facettes de l'Amour \ud83e\udea9\" - Parenth\u00e8se florale","og_description":"Une composition aux multiples reflets et secrets, pens\u00e9e pour illuminer fleurs et se transformer ensuite en cache-pot.","og_url":"https:\/\/parentheseflorale.fr\/?product=composition-les-facettes-de-lamour-\ud83e\udea9","og_site_name":"Parenth\u00e8se florale","article_modified_time":"2026-02-05T17:17:53+00:00","og_image":[{"width":2560,"height":2560,"url":"https:\/\/parentheseflorale.fr\/wp-content\/uploads\/2026\/02\/DSC00393-scaled.jpg","type":"image\/jpeg"}],"twitter_card":"summary_large_image","schema":{"@context":"https:\/\/schema.org","@graph":[{"@type":"WebPage","@id":"https:\/\/parentheseflorale.fr\/?product=composition-les-facettes-de-lamour-%f0%9f%aa%a9","url":"https:\/\/parentheseflorale.fr\/?product=composition-les-facettes-de-lamour-%f0%9f%aa%a9","name":"Composition \"Les facettes de l'Amour \ud83e\udea9\" - Parenth\u00e8se florale","isPartOf":{"@id":"https:\/\/parentheseflorale.fr\/#website"},"primaryImageOfPage":{"@id":"https:\/\/parentheseflorale.fr\/?product=composition-les-facettes-de-lamour-%f0%9f%aa%a9#primaryimage"},"image":{"@id":"https:\/\/parentheseflorale.fr\/?product=composition-les-facettes-de-lamour-%f0%9f%aa%a9#primaryimage"},"thumbnailUrl":"https:\/\/parentheseflorale.fr\/wp-content\/uploads\/2026\/02\/DSC00393-scaled.jpg","datePublished":"2026-02-04T21:29:49+00:00","dateModified":"2026-02-05T17:17:53+00:00","breadcrumb":{"@id":"https:\/\/parentheseflorale.fr\/?product=composition-les-facettes-de-lamour-%f0%9f%aa%a9#breadcrumb"},"inLanguage":"fr-FR","potentialAction":[{"@type":"ReadAction","target":["https:\/\/parentheseflorale.fr\/?product=composition-les-facettes-de-lamour-%f0%9f%aa%a9"]}]},{"@type":"ImageObject","inLanguage":"fr-FR","@id":"https:\/\/parentheseflorale.fr\/?product=composition-les-facettes-de-lamour-%f0%9f%aa%a9#primaryimage","url":"https:\/\/parentheseflorale.fr\/wp-content\/uploads\/2026\/02\/DSC00393-scaled.jpg","contentUrl":"https:\/\/parentheseflorale.fr\/wp-content\/uploads\/2026\/02\/DSC00393-scaled.jpg","width":2560,"height":2560},{"@type":"BreadcrumbList","@id":"https:\/\/parentheseflorale.fr\/?product=composition-les-facettes-de-lamour-%f0%9f%aa%a9#breadcrumb","itemListElement":[{"@type":"ListItem","position":1,"name":"Accueil","item":"https:\/\/parentheseflorale.fr\/"},{"@type":"ListItem","position":2,"name":"Produits","item":"https:\/\/parentheseflorale.fr\/?post_type=product"},{"@type":"ListItem","position":3,"name":"Composition \u00ab\u00a0Les facettes de l&rsquo;Amour \ud83e\udea9\u00a0\u00bb"}]},{"@type":"WebSite","@id":"https:\/\/parentheseflorale.fr\/#website","url":"https:\/\/parentheseflorale.fr\/","name":"Parenth\u00e8se florale","description":"&quot;offrez vous un moment entre parenth\u00e8ses&quot;","publisher":{"@id":"https:\/\/parentheseflorale.fr\/#organization"},"potentialAction":[{"@type":"SearchAction","target":{"@type":"EntryPoint","urlTemplate":"https:\/\/parentheseflorale.fr\/?s={search_term_string}"},"query-input":{"@type":"PropertyValueSpecification","valueRequired":true,"valueName":"search_term_string"}}],"inLanguage":"fr-FR"},{"@type":"Organization","@id":"https:\/\/parentheseflorale.fr\/#organization","name":"Parenth\u00e8se florale","url":"https:\/\/parentheseflorale.fr\/","logo":{"@type":"ImageObject","inLanguage":"fr-FR","@id":"https:\/\/parentheseflorale.fr\/#\/schema\/logo\/image\/","url":"https:\/\/parentheseflorale.fr\/wp-content\/uploads\/2021\/02\/PF-OK-transparent-01.png","contentUrl":"https:\/\/parentheseflorale.fr\/wp-content\/uploads\/2021\/02\/PF-OK-transparent-01.png","width":1248,"height":1247,"caption":"Parenth\u00e8se florale"},"image":{"@id":"https:\/\/parentheseflorale.fr\/#\/schema\/logo\/image\/"}}]}},"jetpack_sharing_enabled":true,"_links":{"self":[{"href":"https:\/\/parentheseflorale.fr\/index.php?rest_route=\/wp\/v2\/product\/991048","targetHints":{"allow":["GET"]}}],"collection":[{"href":"https:\/\/parentheseflorale.fr\/index.php?rest_route=\/wp\/v2\/product"}],"about":[{"href":"https:\/\/parentheseflorale.fr\/index.php?rest_route=\/wp\/v2\/types\/product"}],"replies":[{"embeddable":true,"href":"https:\/\/parentheseflorale.fr\/index.php?rest_route=%2Fwp%2Fv2%2Fcomments&post=991048"}],"version-history":[{"count":3,"href":"https:\/\/parentheseflorale.fr\/index.php?rest_route=\/wp\/v2\/product\/991048\/revisions"}],"predecessor-version":[{"id":991106,"href":"https:\/\/parentheseflorale.fr\/index.php?rest_route=\/wp\/v2\/product\/991048\/revisions\/991106"}],"wp:featuredmedia":[{"embeddable":true,"href":"https:\/\/parentheseflorale.fr\/index.php?rest_route=\/wp\/v2\/media\/991100"}],"wp:attachment":[{"href":"https:\/\/parentheseflorale.fr\/index.php?rest_route=%2Fwp%2Fv2%2Fmedia&parent=991048"}],"wp:term":[{"taxonomy":"product_brand","embeddable":true,"href":"https:\/\/parentheseflorale.fr\/index.php?rest_route=%2Fwp%2Fv2%2Fproduct_brand&post=991048"},{"taxonomy":"product_cat","embeddable":true,"href":"https:\/\/parentheseflorale.fr\/index.php?rest_route=%2Fwp%2Fv2%2Fproduct_cat&post=991048"},{"taxonomy":"product_tag","embeddable":true,"href":"https:\/\/parentheseflorale.fr\/index.php?rest_route=%2Fwp%2Fv2%2Fproduct_tag&post=991048"}],"curies":[{"name":"wp","href":"https:\/\/api.w.org\/{rel}","templated":true}]}}