{"id":990863,"date":"2025-11-24T21:06:25","date_gmt":"2025-11-24T20:06:25","guid":{"rendered":"https:\/\/parentheseflorale.fr\/?post_type=product&#038;p=990863"},"modified":"2026-04-10T15:57:48","modified_gmt":"2026-04-10T13:57:48","slug":"bouquet-graphique-%e2%8d%8b","status":"publish","type":"product","link":"https:\/\/parentheseflorale.fr\/?product=bouquet-graphique-%e2%8d%8b","title":{"rendered":"Bouquet &#8220;Graphique \u3030\ufe0f &#8220;"},"content":{"rendered":"<div class=\"vgblk-rw-wrapper limit-wrapper\">\n<ul>\n<li><span style=\"color: var(--vamtam-widget-text-lighter);letter-spacing: var(--vamtam-primary-font-letter-spacing-desktop,normal);text-transform: var(--vamtam-primary-font-transform,none)\">Palette : selon la s\u00e9lection de fleurs graphiques de la semaine (Nous vous invitons \u00e0 nous indiquer votre souhait en commentaire ou a nous appeler en boutique pour que nous puissions vous guider sur les palettes de couleurs possibles)<\/span><\/li>\n<li><span style=\"color: var(--vamtam-widget-text-lighter);letter-spacing: var(--vamtam-primary-font-letter-spacing-desktop,normal);text-transform: var(--vamtam-primary-font-transform,none)\">Format: S | M | L | XL \u00a0 (Pour tout autre format ou commande sp\u00e9ciale, nous vous invitons \u00e0 nous appeler directement en boutique)<\/span><\/li>\n<li>Compos\u00e9 de fleurs \u00e9l\u00e9gantes et structur\u00e9es, ce bouquet \u00e9l\u00e9gant est travaill\u00e9 sans feuillage. Il met en valeur la fleur sans sa plus belle simplicit\u00e9. Une cr\u00e9ation unique sign\u00e9e Parenth\u00e8se florale, \u00e0 offrir ou \u00e0 s\u2019offrir.<\/li>\n<li>Disponible en retrait \u00e0 la boutique (69 rue de Marseille, 69007 Lyon) ou en livraison \u00e0 v\u00e9lo secteur Lyon\/Villeurbanne<\/li>\n<\/ul>\n<\/div>\n<p><!-- .vgblk-rw-wrapper --><\/p>\n","protected":false},"excerpt":{"rendered":"<p>Un bouquet graphique, \u00a0qui oscille entre modernit\u00e9 et minimalisme. Compos\u00e9 de fleurs prestigieuse, ce bouquet se d\u00e9cline sous diff\u00e9rents format tout en conservant une simplicit\u00e9 qui met en valeur la fleur.<\/p>\n","protected":false},"featured_media":990881,"comment_status":"closed","ping_status":"closed","template":"","meta":{"om_disable_all_campaigns":false,"_monsterinsights_skip_tracking":false,"_monsterinsights_sitenote_active":false,"_monsterinsights_sitenote_note":"","_monsterinsights_sitenote_category":0},"product_brand":[],"product_cat":[113],"product_tag":[],"class_list":{"0":"post-990863","1":"product","2":"type-product","3":"status-publish","4":"has-post-thumbnail","6":"product_cat-fleurs-fraiches","8":"first","9":"instock","10":"taxable","11":"shipping-taxable","12":"purchasable","13":"product-type-variable"},"yoast_head":"<!-- This site is optimized with the Yoast SEO plugin v27.5 - https:\/\/yoast.com\/product\/yoast-seo-wordpress\/ -->\n<title>Bouquet &quot;Graphique \u3030\ufe0f &quot; - Parenth\u00e8se florale<\/title>\n<meta name=\"robots\" content=\"index, follow, max-snippet:-1, max-image-preview:large, max-video-preview:-1\" \/>\n<link rel=\"canonical\" href=\"https:\/\/parentheseflorale.fr\/?product=bouquet-graphique-\u234b\" \/>\n<meta property=\"og:locale\" content=\"fr_FR\" \/>\n<meta property=\"og:type\" content=\"article\" \/>\n<meta property=\"og:title\" content=\"Bouquet &quot;Graphique \u3030\ufe0f &quot; - Parenth\u00e8se florale\" \/>\n<meta property=\"og:description\" content=\"Un bouquet graphique, \u00a0qui oscille entre modernit\u00e9 et minimalisme. Compos\u00e9 de fleurs prestigieuse, ce bouquet se d\u00e9cline sous diff\u00e9rents format tout en conservant une simplicit\u00e9 qui met en valeur la fleur.\" \/>\n<meta property=\"og:url\" content=\"https:\/\/parentheseflorale.fr\/?product=bouquet-graphique-\u234b\" \/>\n<meta property=\"og:site_name\" content=\"Parenth\u00e8se florale\" \/>\n<meta property=\"article:modified_time\" content=\"2026-04-10T13:57:48+00:00\" \/>\n<meta property=\"og:image\" content=\"https:\/\/parentheseflorale.fr\/wp-content\/uploads\/2025\/11\/Bouquet-de-saison-graphique-M.jpg\" \/>\n\t<meta property=\"og:image:width\" content=\"2048\" \/>\n\t<meta property=\"og:image:height\" content=\"1922\" \/>\n\t<meta property=\"og:image:type\" content=\"image\/jpeg\" \/>\n<meta name=\"twitter:card\" content=\"summary_large_image\" \/>\n<meta name=\"twitter:label1\" content=\"Dur\u00e9e de lecture estim\u00e9e\" \/>\n\t<meta name=\"twitter:data1\" content=\"1 minute\" \/>\n<script type=\"application\/ld+json\" class=\"yoast-schema-graph\">{\"@context\":\"https:\\\/\\\/schema.org\",\"@graph\":[{\"@type\":\"WebPage\",\"@id\":\"https:\\\/\\\/parentheseflorale.fr\\\/?product=bouquet-graphique-%e2%8d%8b\",\"url\":\"https:\\\/\\\/parentheseflorale.fr\\\/?product=bouquet-graphique-%e2%8d%8b\",\"name\":\"Bouquet \\\"Graphique \u3030\ufe0f \\\" - Parenth\u00e8se florale\",\"isPartOf\":{\"@id\":\"https:\\\/\\\/parentheseflorale.fr\\\/#website\"},\"primaryImageOfPage\":{\"@id\":\"https:\\\/\\\/parentheseflorale.fr\\\/?product=bouquet-graphique-%e2%8d%8b#primaryimage\"},\"image\":{\"@id\":\"https:\\\/\\\/parentheseflorale.fr\\\/?product=bouquet-graphique-%e2%8d%8b#primaryimage\"},\"thumbnailUrl\":\"https:\\\/\\\/parentheseflorale.fr\\\/wp-content\\\/uploads\\\/2025\\\/11\\\/Bouquet-de-saison-graphique-M.jpg\",\"datePublished\":\"2025-11-24T20:06:25+00:00\",\"dateModified\":\"2026-04-10T13:57:48+00:00\",\"breadcrumb\":{\"@id\":\"https:\\\/\\\/parentheseflorale.fr\\\/?product=bouquet-graphique-%e2%8d%8b#breadcrumb\"},\"inLanguage\":\"fr-FR\",\"potentialAction\":[{\"@type\":\"ReadAction\",\"target\":[\"https:\\\/\\\/parentheseflorale.fr\\\/?product=bouquet-graphique-%e2%8d%8b\"]}]},{\"@type\":\"ImageObject\",\"inLanguage\":\"fr-FR\",\"@id\":\"https:\\\/\\\/parentheseflorale.fr\\\/?product=bouquet-graphique-%e2%8d%8b#primaryimage\",\"url\":\"https:\\\/\\\/parentheseflorale.fr\\\/wp-content\\\/uploads\\\/2025\\\/11\\\/Bouquet-de-saison-graphique-M.jpg\",\"contentUrl\":\"https:\\\/\\\/parentheseflorale.fr\\\/wp-content\\\/uploads\\\/2025\\\/11\\\/Bouquet-de-saison-graphique-M.jpg\",\"width\":2048,\"height\":1922},{\"@type\":\"BreadcrumbList\",\"@id\":\"https:\\\/\\\/parentheseflorale.fr\\\/?product=bouquet-graphique-%e2%8d%8b#breadcrumb\",\"itemListElement\":[{\"@type\":\"ListItem\",\"position\":1,\"name\":\"Accueil\",\"item\":\"https:\\\/\\\/parentheseflorale.fr\\\/\"},{\"@type\":\"ListItem\",\"position\":2,\"name\":\"Produits\",\"item\":\"https:\\\/\\\/parentheseflorale.fr\\\/?post_type=product\"},{\"@type\":\"ListItem\",\"position\":3,\"name\":\"Bouquet \u00ab\u00a0Graphique \u3030\ufe0f \u00ab\u00a0\"}]},{\"@type\":\"WebSite\",\"@id\":\"https:\\\/\\\/parentheseflorale.fr\\\/#website\",\"url\":\"https:\\\/\\\/parentheseflorale.fr\\\/\",\"name\":\"Parenth\u00e8se florale\",\"description\":\"&quot;offrez vous un moment entre parenth\u00e8ses&quot;\",\"publisher\":{\"@id\":\"https:\\\/\\\/parentheseflorale.fr\\\/#organization\"},\"potentialAction\":[{\"@type\":\"SearchAction\",\"target\":{\"@type\":\"EntryPoint\",\"urlTemplate\":\"https:\\\/\\\/parentheseflorale.fr\\\/?s={search_term_string}\"},\"query-input\":{\"@type\":\"PropertyValueSpecification\",\"valueRequired\":true,\"valueName\":\"search_term_string\"}}],\"inLanguage\":\"fr-FR\"},{\"@type\":\"Organization\",\"@id\":\"https:\\\/\\\/parentheseflorale.fr\\\/#organization\",\"name\":\"Parenth\u00e8se florale\",\"url\":\"https:\\\/\\\/parentheseflorale.fr\\\/\",\"logo\":{\"@type\":\"ImageObject\",\"inLanguage\":\"fr-FR\",\"@id\":\"https:\\\/\\\/parentheseflorale.fr\\\/#\\\/schema\\\/logo\\\/image\\\/\",\"url\":\"https:\\\/\\\/parentheseflorale.fr\\\/wp-content\\\/uploads\\\/2021\\\/02\\\/PF-OK-transparent-01.png\",\"contentUrl\":\"https:\\\/\\\/parentheseflorale.fr\\\/wp-content\\\/uploads\\\/2021\\\/02\\\/PF-OK-transparent-01.png\",\"width\":1248,\"height\":1247,\"caption\":\"Parenth\u00e8se florale\"},\"image\":{\"@id\":\"https:\\\/\\\/parentheseflorale.fr\\\/#\\\/schema\\\/logo\\\/image\\\/\"}}]}<\/script>\n<!-- \/ Yoast SEO plugin. -->","yoast_head_json":{"title":"Bouquet \"Graphique \u3030\ufe0f \" - Parenth\u00e8se florale","robots":{"index":"index","follow":"follow","max-snippet":"max-snippet:-1","max-image-preview":"max-image-preview:large","max-video-preview":"max-video-preview:-1"},"canonical":"https:\/\/parentheseflorale.fr\/?product=bouquet-graphique-\u234b","og_locale":"fr_FR","og_type":"article","og_title":"Bouquet \"Graphique \u3030\ufe0f \" - Parenth\u00e8se florale","og_description":"Un bouquet graphique, \u00a0qui oscille entre modernit\u00e9 et minimalisme. Compos\u00e9 de fleurs prestigieuse, ce bouquet se d\u00e9cline sous diff\u00e9rents format tout en conservant une simplicit\u00e9 qui met en valeur la fleur.","og_url":"https:\/\/parentheseflorale.fr\/?product=bouquet-graphique-\u234b","og_site_name":"Parenth\u00e8se florale","article_modified_time":"2026-04-10T13:57:48+00:00","og_image":[{"width":2048,"height":1922,"url":"https:\/\/parentheseflorale.fr\/wp-content\/uploads\/2025\/11\/Bouquet-de-saison-graphique-M.jpg","type":"image\/jpeg"}],"twitter_card":"summary_large_image","twitter_misc":{"Dur\u00e9e de lecture estim\u00e9e":"1 minute"},"schema":{"@context":"https:\/\/schema.org","@graph":[{"@type":"WebPage","@id":"https:\/\/parentheseflorale.fr\/?product=bouquet-graphique-%e2%8d%8b","url":"https:\/\/parentheseflorale.fr\/?product=bouquet-graphique-%e2%8d%8b","name":"Bouquet \"Graphique \u3030\ufe0f \" - Parenth\u00e8se florale","isPartOf":{"@id":"https:\/\/parentheseflorale.fr\/#website"},"primaryImageOfPage":{"@id":"https:\/\/parentheseflorale.fr\/?product=bouquet-graphique-%e2%8d%8b#primaryimage"},"image":{"@id":"https:\/\/parentheseflorale.fr\/?product=bouquet-graphique-%e2%8d%8b#primaryimage"},"thumbnailUrl":"https:\/\/parentheseflorale.fr\/wp-content\/uploads\/2025\/11\/Bouquet-de-saison-graphique-M.jpg","datePublished":"2025-11-24T20:06:25+00:00","dateModified":"2026-04-10T13:57:48+00:00","breadcrumb":{"@id":"https:\/\/parentheseflorale.fr\/?product=bouquet-graphique-%e2%8d%8b#breadcrumb"},"inLanguage":"fr-FR","potentialAction":[{"@type":"ReadAction","target":["https:\/\/parentheseflorale.fr\/?product=bouquet-graphique-%e2%8d%8b"]}]},{"@type":"ImageObject","inLanguage":"fr-FR","@id":"https:\/\/parentheseflorale.fr\/?product=bouquet-graphique-%e2%8d%8b#primaryimage","url":"https:\/\/parentheseflorale.fr\/wp-content\/uploads\/2025\/11\/Bouquet-de-saison-graphique-M.jpg","contentUrl":"https:\/\/parentheseflorale.fr\/wp-content\/uploads\/2025\/11\/Bouquet-de-saison-graphique-M.jpg","width":2048,"height":1922},{"@type":"BreadcrumbList","@id":"https:\/\/parentheseflorale.fr\/?product=bouquet-graphique-%e2%8d%8b#breadcrumb","itemListElement":[{"@type":"ListItem","position":1,"name":"Accueil","item":"https:\/\/parentheseflorale.fr\/"},{"@type":"ListItem","position":2,"name":"Produits","item":"https:\/\/parentheseflorale.fr\/?post_type=product"},{"@type":"ListItem","position":3,"name":"Bouquet \u00ab\u00a0Graphique \u3030\ufe0f \u00ab\u00a0"}]},{"@type":"WebSite","@id":"https:\/\/parentheseflorale.fr\/#website","url":"https:\/\/parentheseflorale.fr\/","name":"Parenth\u00e8se florale","description":"&quot;offrez vous un moment entre parenth\u00e8ses&quot;","publisher":{"@id":"https:\/\/parentheseflorale.fr\/#organization"},"potentialAction":[{"@type":"SearchAction","target":{"@type":"EntryPoint","urlTemplate":"https:\/\/parentheseflorale.fr\/?s={search_term_string}"},"query-input":{"@type":"PropertyValueSpecification","valueRequired":true,"valueName":"search_term_string"}}],"inLanguage":"fr-FR"},{"@type":"Organization","@id":"https:\/\/parentheseflorale.fr\/#organization","name":"Parenth\u00e8se florale","url":"https:\/\/parentheseflorale.fr\/","logo":{"@type":"ImageObject","inLanguage":"fr-FR","@id":"https:\/\/parentheseflorale.fr\/#\/schema\/logo\/image\/","url":"https:\/\/parentheseflorale.fr\/wp-content\/uploads\/2021\/02\/PF-OK-transparent-01.png","contentUrl":"https:\/\/parentheseflorale.fr\/wp-content\/uploads\/2021\/02\/PF-OK-transparent-01.png","width":1248,"height":1247,"caption":"Parenth\u00e8se florale"},"image":{"@id":"https:\/\/parentheseflorale.fr\/#\/schema\/logo\/image\/"}}]}},"jetpack_sharing_enabled":true,"_links":{"self":[{"href":"https:\/\/parentheseflorale.fr\/index.php?rest_route=\/wp\/v2\/product\/990863","targetHints":{"allow":["GET"]}}],"collection":[{"href":"https:\/\/parentheseflorale.fr\/index.php?rest_route=\/wp\/v2\/product"}],"about":[{"href":"https:\/\/parentheseflorale.fr\/index.php?rest_route=\/wp\/v2\/types\/product"}],"replies":[{"embeddable":true,"href":"https:\/\/parentheseflorale.fr\/index.php?rest_route=%2Fwp%2Fv2%2Fcomments&post=990863"}],"version-history":[{"count":6,"href":"https:\/\/parentheseflorale.fr\/index.php?rest_route=\/wp\/v2\/product\/990863\/revisions"}],"predecessor-version":[{"id":991000,"href":"https:\/\/parentheseflorale.fr\/index.php?rest_route=\/wp\/v2\/product\/990863\/revisions\/991000"}],"wp:featuredmedia":[{"embeddable":true,"href":"https:\/\/parentheseflorale.fr\/index.php?rest_route=\/wp\/v2\/media\/990881"}],"wp:attachment":[{"href":"https:\/\/parentheseflorale.fr\/index.php?rest_route=%2Fwp%2Fv2%2Fmedia&parent=990863"}],"wp:term":[{"taxonomy":"product_brand","embeddable":true,"href":"https:\/\/parentheseflorale.fr\/index.php?rest_route=%2Fwp%2Fv2%2Fproduct_brand&post=990863"},{"taxonomy":"product_cat","embeddable":true,"href":"https:\/\/parentheseflorale.fr\/index.php?rest_route=%2Fwp%2Fv2%2Fproduct_cat&post=990863"},{"taxonomy":"product_tag","embeddable":true,"href":"https:\/\/parentheseflorale.fr\/index.php?rest_route=%2Fwp%2Fv2%2Fproduct_tag&post=990863"}],"curies":[{"name":"wp","href":"https:\/\/api.w.org\/{rel}","templated":true}]}}