{"id":989878,"date":"2025-02-04T12:13:38","date_gmt":"2025-02-04T11:13:38","guid":{"rendered":"https:\/\/parentheseflorale.fr\/?post_type=product&#038;p=989878"},"modified":"2025-04-23T16:17:19","modified_gmt":"2025-04-23T14:17:19","slug":"carte-cadeau-montant-libre","status":"publish","type":"product","link":"https:\/\/parentheseflorale.fr\/?product=carte-cadeau-montant-libre","title":{"rendered":"Carte Cadeau Montant Libre"},"content":{"rendered":"<div class=\"vgblk-rw-wrapper limit-wrapper\">&nbsp;<\/p>\n<ul>\n<li><span style=\"color: var(--vamtam-widget-text-lighter); letter-spacing: var(--vamtam-primary-font-letter-spacing-desktop,normal); text-transform: var(--vamtam-primary-font-transform,none);\">Option: Montant libre | Abonnement | Atelier<\/span><\/li>\n<li>Choisissez d&#8217;offrir un moment, un temps cr\u00e9atif ou la possibilit\u00e9 de se faire plaisir librement<\/li>\n<li>Disponible en retrait \u00e0 la boutique (69 rue de Marseille, 69007 Lyon) , par envoi en-mail (sous 24h) ou en livraison \u00e0 v\u00e9lo secteur Lyon\/Villeurbanne<\/li>\n<li>Carte cadeau utilisable en boutique uniquement.<\/li>\n<li>Pour toute valeur sup\u00e9rieure \u00e0 200\u20ac nous vous invitons \u00e0 nous contacter.<\/li>\n<\/ul>\n<\/div>\n<p><!-- .vgblk-rw-wrapper --><\/p>\n","protected":false},"excerpt":{"rendered":"<p>Choisissez d&#8217;offrir la possibilit\u00e9 de se faire plaisir librement en boutique.<\/p>\n","protected":false},"featured_media":990229,"comment_status":"closed","ping_status":"closed","template":"","meta":{"om_disable_all_campaigns":false,"_monsterinsights_skip_tracking":false,"_monsterinsights_sitenote_active":false,"_monsterinsights_sitenote_note":"","_monsterinsights_sitenote_category":0},"product_brand":[],"product_cat":[120],"product_tag":[],"class_list":{"0":"post-989878","1":"product","2":"type-product","3":"status-publish","4":"has-post-thumbnail","6":"product_cat-cartes-cadeaux","8":"first","9":"instock","10":"taxable","11":"shipping-taxable","12":"purchasable","13":"product-type-variable"},"yoast_head":"<!-- This site is optimized with the Yoast SEO plugin v27.5 - https:\/\/yoast.com\/product\/yoast-seo-wordpress\/ -->\n<title>Carte Cadeau Montant Libre - Parenth\u00e8se florale<\/title>\n<meta name=\"robots\" content=\"index, follow, max-snippet:-1, max-image-preview:large, max-video-preview:-1\" \/>\n<link rel=\"canonical\" href=\"https:\/\/parentheseflorale.fr\/?product=carte-cadeau-montant-libre\" \/>\n<meta property=\"og:locale\" content=\"fr_FR\" \/>\n<meta property=\"og:type\" content=\"article\" \/>\n<meta property=\"og:title\" content=\"Carte Cadeau Montant Libre - Parenth\u00e8se florale\" \/>\n<meta property=\"og:description\" content=\"Choisissez d&#039;offrir la possibilit\u00e9 de se faire plaisir librement en boutique.\" \/>\n<meta property=\"og:url\" content=\"https:\/\/parentheseflorale.fr\/?product=carte-cadeau-montant-libre\" \/>\n<meta property=\"og:site_name\" content=\"Parenth\u00e8se florale\" \/>\n<meta property=\"article:modified_time\" content=\"2025-04-23T14:17:19+00:00\" \/>\n<meta property=\"og:image\" content=\"https:\/\/parentheseflorale.fr\/wp-content\/uploads\/2025\/02\/cartecadeauvierge-1.jpg\" \/>\n\t<meta property=\"og:image:width\" content=\"2048\" \/>\n\t<meta property=\"og:image:height\" content=\"1894\" \/>\n\t<meta property=\"og:image:type\" content=\"image\/jpeg\" \/>\n<meta name=\"twitter:card\" content=\"summary_large_image\" \/>\n<script type=\"application\/ld+json\" class=\"yoast-schema-graph\">{\"@context\":\"https:\\\/\\\/schema.org\",\"@graph\":[{\"@type\":\"WebPage\",\"@id\":\"https:\\\/\\\/parentheseflorale.fr\\\/?product=carte-cadeau-montant-libre\",\"url\":\"https:\\\/\\\/parentheseflorale.fr\\\/?product=carte-cadeau-montant-libre\",\"name\":\"Carte Cadeau Montant Libre - Parenth\u00e8se florale\",\"isPartOf\":{\"@id\":\"https:\\\/\\\/parentheseflorale.fr\\\/#website\"},\"primaryImageOfPage\":{\"@id\":\"https:\\\/\\\/parentheseflorale.fr\\\/?product=carte-cadeau-montant-libre#primaryimage\"},\"image\":{\"@id\":\"https:\\\/\\\/parentheseflorale.fr\\\/?product=carte-cadeau-montant-libre#primaryimage\"},\"thumbnailUrl\":\"https:\\\/\\\/parentheseflorale.fr\\\/wp-content\\\/uploads\\\/2025\\\/02\\\/cartecadeauvierge-1.jpg\",\"datePublished\":\"2025-02-04T11:13:38+00:00\",\"dateModified\":\"2025-04-23T14:17:19+00:00\",\"breadcrumb\":{\"@id\":\"https:\\\/\\\/parentheseflorale.fr\\\/?product=carte-cadeau-montant-libre#breadcrumb\"},\"inLanguage\":\"fr-FR\",\"potentialAction\":[{\"@type\":\"ReadAction\",\"target\":[\"https:\\\/\\\/parentheseflorale.fr\\\/?product=carte-cadeau-montant-libre\"]}]},{\"@type\":\"ImageObject\",\"inLanguage\":\"fr-FR\",\"@id\":\"https:\\\/\\\/parentheseflorale.fr\\\/?product=carte-cadeau-montant-libre#primaryimage\",\"url\":\"https:\\\/\\\/parentheseflorale.fr\\\/wp-content\\\/uploads\\\/2025\\\/02\\\/cartecadeauvierge-1.jpg\",\"contentUrl\":\"https:\\\/\\\/parentheseflorale.fr\\\/wp-content\\\/uploads\\\/2025\\\/02\\\/cartecadeauvierge-1.jpg\",\"width\":2048,\"height\":1894},{\"@type\":\"BreadcrumbList\",\"@id\":\"https:\\\/\\\/parentheseflorale.fr\\\/?product=carte-cadeau-montant-libre#breadcrumb\",\"itemListElement\":[{\"@type\":\"ListItem\",\"position\":1,\"name\":\"Accueil\",\"item\":\"https:\\\/\\\/parentheseflorale.fr\\\/\"},{\"@type\":\"ListItem\",\"position\":2,\"name\":\"Produits\",\"item\":\"https:\\\/\\\/parentheseflorale.fr\\\/?post_type=product\"},{\"@type\":\"ListItem\",\"position\":3,\"name\":\"Carte Cadeau Montant Libre\"}]},{\"@type\":\"WebSite\",\"@id\":\"https:\\\/\\\/parentheseflorale.fr\\\/#website\",\"url\":\"https:\\\/\\\/parentheseflorale.fr\\\/\",\"name\":\"Parenth\u00e8se florale\",\"description\":\"&quot;offrez vous un moment entre parenth\u00e8ses&quot;\",\"publisher\":{\"@id\":\"https:\\\/\\\/parentheseflorale.fr\\\/#organization\"},\"potentialAction\":[{\"@type\":\"SearchAction\",\"target\":{\"@type\":\"EntryPoint\",\"urlTemplate\":\"https:\\\/\\\/parentheseflorale.fr\\\/?s={search_term_string}\"},\"query-input\":{\"@type\":\"PropertyValueSpecification\",\"valueRequired\":true,\"valueName\":\"search_term_string\"}}],\"inLanguage\":\"fr-FR\"},{\"@type\":\"Organization\",\"@id\":\"https:\\\/\\\/parentheseflorale.fr\\\/#organization\",\"name\":\"Parenth\u00e8se florale\",\"url\":\"https:\\\/\\\/parentheseflorale.fr\\\/\",\"logo\":{\"@type\":\"ImageObject\",\"inLanguage\":\"fr-FR\",\"@id\":\"https:\\\/\\\/parentheseflorale.fr\\\/#\\\/schema\\\/logo\\\/image\\\/\",\"url\":\"https:\\\/\\\/parentheseflorale.fr\\\/wp-content\\\/uploads\\\/2021\\\/02\\\/PF-OK-transparent-01.png\",\"contentUrl\":\"https:\\\/\\\/parentheseflorale.fr\\\/wp-content\\\/uploads\\\/2021\\\/02\\\/PF-OK-transparent-01.png\",\"width\":1248,\"height\":1247,\"caption\":\"Parenth\u00e8se florale\"},\"image\":{\"@id\":\"https:\\\/\\\/parentheseflorale.fr\\\/#\\\/schema\\\/logo\\\/image\\\/\"}}]}<\/script>\n<!-- \/ Yoast SEO plugin. -->","yoast_head_json":{"title":"Carte Cadeau Montant Libre - Parenth\u00e8se florale","robots":{"index":"index","follow":"follow","max-snippet":"max-snippet:-1","max-image-preview":"max-image-preview:large","max-video-preview":"max-video-preview:-1"},"canonical":"https:\/\/parentheseflorale.fr\/?product=carte-cadeau-montant-libre","og_locale":"fr_FR","og_type":"article","og_title":"Carte Cadeau Montant Libre - Parenth\u00e8se florale","og_description":"Choisissez d'offrir la possibilit\u00e9 de se faire plaisir librement en boutique.","og_url":"https:\/\/parentheseflorale.fr\/?product=carte-cadeau-montant-libre","og_site_name":"Parenth\u00e8se florale","article_modified_time":"2025-04-23T14:17:19+00:00","og_image":[{"width":2048,"height":1894,"url":"https:\/\/parentheseflorale.fr\/wp-content\/uploads\/2025\/02\/cartecadeauvierge-1.jpg","type":"image\/jpeg"}],"twitter_card":"summary_large_image","schema":{"@context":"https:\/\/schema.org","@graph":[{"@type":"WebPage","@id":"https:\/\/parentheseflorale.fr\/?product=carte-cadeau-montant-libre","url":"https:\/\/parentheseflorale.fr\/?product=carte-cadeau-montant-libre","name":"Carte Cadeau Montant Libre - Parenth\u00e8se florale","isPartOf":{"@id":"https:\/\/parentheseflorale.fr\/#website"},"primaryImageOfPage":{"@id":"https:\/\/parentheseflorale.fr\/?product=carte-cadeau-montant-libre#primaryimage"},"image":{"@id":"https:\/\/parentheseflorale.fr\/?product=carte-cadeau-montant-libre#primaryimage"},"thumbnailUrl":"https:\/\/parentheseflorale.fr\/wp-content\/uploads\/2025\/02\/cartecadeauvierge-1.jpg","datePublished":"2025-02-04T11:13:38+00:00","dateModified":"2025-04-23T14:17:19+00:00","breadcrumb":{"@id":"https:\/\/parentheseflorale.fr\/?product=carte-cadeau-montant-libre#breadcrumb"},"inLanguage":"fr-FR","potentialAction":[{"@type":"ReadAction","target":["https:\/\/parentheseflorale.fr\/?product=carte-cadeau-montant-libre"]}]},{"@type":"ImageObject","inLanguage":"fr-FR","@id":"https:\/\/parentheseflorale.fr\/?product=carte-cadeau-montant-libre#primaryimage","url":"https:\/\/parentheseflorale.fr\/wp-content\/uploads\/2025\/02\/cartecadeauvierge-1.jpg","contentUrl":"https:\/\/parentheseflorale.fr\/wp-content\/uploads\/2025\/02\/cartecadeauvierge-1.jpg","width":2048,"height":1894},{"@type":"BreadcrumbList","@id":"https:\/\/parentheseflorale.fr\/?product=carte-cadeau-montant-libre#breadcrumb","itemListElement":[{"@type":"ListItem","position":1,"name":"Accueil","item":"https:\/\/parentheseflorale.fr\/"},{"@type":"ListItem","position":2,"name":"Produits","item":"https:\/\/parentheseflorale.fr\/?post_type=product"},{"@type":"ListItem","position":3,"name":"Carte Cadeau Montant Libre"}]},{"@type":"WebSite","@id":"https:\/\/parentheseflorale.fr\/#website","url":"https:\/\/parentheseflorale.fr\/","name":"Parenth\u00e8se florale","description":"&quot;offrez vous un moment entre parenth\u00e8ses&quot;","publisher":{"@id":"https:\/\/parentheseflorale.fr\/#organization"},"potentialAction":[{"@type":"SearchAction","target":{"@type":"EntryPoint","urlTemplate":"https:\/\/parentheseflorale.fr\/?s={search_term_string}"},"query-input":{"@type":"PropertyValueSpecification","valueRequired":true,"valueName":"search_term_string"}}],"inLanguage":"fr-FR"},{"@type":"Organization","@id":"https:\/\/parentheseflorale.fr\/#organization","name":"Parenth\u00e8se florale","url":"https:\/\/parentheseflorale.fr\/","logo":{"@type":"ImageObject","inLanguage":"fr-FR","@id":"https:\/\/parentheseflorale.fr\/#\/schema\/logo\/image\/","url":"https:\/\/parentheseflorale.fr\/wp-content\/uploads\/2021\/02\/PF-OK-transparent-01.png","contentUrl":"https:\/\/parentheseflorale.fr\/wp-content\/uploads\/2021\/02\/PF-OK-transparent-01.png","width":1248,"height":1247,"caption":"Parenth\u00e8se florale"},"image":{"@id":"https:\/\/parentheseflorale.fr\/#\/schema\/logo\/image\/"}}]}},"jetpack_sharing_enabled":true,"_links":{"self":[{"href":"https:\/\/parentheseflorale.fr\/index.php?rest_route=\/wp\/v2\/product\/989878","targetHints":{"allow":["GET"]}}],"collection":[{"href":"https:\/\/parentheseflorale.fr\/index.php?rest_route=\/wp\/v2\/product"}],"about":[{"href":"https:\/\/parentheseflorale.fr\/index.php?rest_route=\/wp\/v2\/types\/product"}],"replies":[{"embeddable":true,"href":"https:\/\/parentheseflorale.fr\/index.php?rest_route=%2Fwp%2Fv2%2Fcomments&post=989878"}],"version-history":[{"count":1,"href":"https:\/\/parentheseflorale.fr\/index.php?rest_route=\/wp\/v2\/product\/989878\/revisions"}],"predecessor-version":[{"id":989889,"href":"https:\/\/parentheseflorale.fr\/index.php?rest_route=\/wp\/v2\/product\/989878\/revisions\/989889"}],"wp:featuredmedia":[{"embeddable":true,"href":"https:\/\/parentheseflorale.fr\/index.php?rest_route=\/wp\/v2\/media\/990229"}],"wp:attachment":[{"href":"https:\/\/parentheseflorale.fr\/index.php?rest_route=%2Fwp%2Fv2%2Fmedia&parent=989878"}],"wp:term":[{"taxonomy":"product_brand","embeddable":true,"href":"https:\/\/parentheseflorale.fr\/index.php?rest_route=%2Fwp%2Fv2%2Fproduct_brand&post=989878"},{"taxonomy":"product_cat","embeddable":true,"href":"https:\/\/parentheseflorale.fr\/index.php?rest_route=%2Fwp%2Fv2%2Fproduct_cat&post=989878"},{"taxonomy":"product_tag","embeddable":true,"href":"https:\/\/parentheseflorale.fr\/index.php?rest_route=%2Fwp%2Fv2%2Fproduct_tag&post=989878"}],"curies":[{"name":"wp","href":"https:\/\/api.w.org\/{rel}","templated":true}]}}