{"id":989687,"date":"2025-02-03T16:34:31","date_gmt":"2025-02-03T15:34:31","guid":{"rendered":"https:\/\/parentheseflorale.fr\/?post_type=product&#038;p=989687"},"modified":"2026-04-29T12:26:12","modified_gmt":"2026-04-29T10:26:12","slug":"vase-box-cartonne","status":"publish","type":"product","link":"https:\/\/parentheseflorale.fr\/?product=vase-box-cartonne","title":{"rendered":"Vase box cartonn\u00e9"},"content":{"rendered":"<div class=\"vgblk-rw-wrapper limit-wrapper\">\n<ul>\n<li><span style=\"color: var(--vamtam-widget-text-lighter); letter-spacing: var(--vamtam-primary-font-letter-spacing-desktop,normal); text-transform: var(--vamtam-primary-font-transform,none);\">Colori : kraft<\/span><\/li>\n<li><span style=\"color: var(--vamtam-widget-text-lighter); letter-spacing: var(--vamtam-primary-font-letter-spacing-desktop,normal); text-transform: var(--vamtam-primary-font-transform,none);\">Hauteur : 14 cm | Diam\u00e8tre : 12 cm | Goulot : 6,5 cm<\/span><\/li>\n<li>Mati\u00e8re : carton kraft naturel<\/li>\n<li>Peut contenir de l\u2019eau<\/li>\n<li>Pour vos fleurs fra\u00eeches<\/li>\n<li>Disponible en retrait \u00e0 la boutique (69 rue de Marseille, 69007 Lyon) ou en livraison \u00e0 v\u00e9lo secteur Lyon\/Villeurbanne<\/li>\n<\/ul>\n<\/div>\n<p><!-- .vgblk-rw-wrapper --><\/p>\n","protected":false},"excerpt":{"rendered":"<p>Box en carton naturel, substituant un vase. Id\u00e9al pour offrir l&#8217;un de nos bouquets en s&#8217;assurant que celui-ci soit mis \u00e0 l&#8217;eau rapidement.<\/p>\n","protected":false},"featured_media":990104,"comment_status":"open","ping_status":"closed","template":"","meta":{"om_disable_all_campaigns":false,"_monsterinsights_skip_tracking":false,"_monsterinsights_sitenote_active":false,"_monsterinsights_sitenote_note":"","_monsterinsights_sitenote_category":0},"product_brand":[],"product_cat":[114,112],"product_tag":[],"class_list":{"0":"post-989687","1":"product","2":"type-product","3":"status-publish","4":"has-post-thumbnail","6":"product_cat-accessoires","7":"product_cat-vases","9":"first","10":"instock","11":"taxable","12":"shipping-taxable","13":"purchasable","14":"product-type-simple"},"yoast_head":"<!-- This site is optimized with the Yoast SEO plugin v27.5 - https:\/\/yoast.com\/product\/yoast-seo-wordpress\/ -->\n<title>Vase box cartonn\u00e9 - Parenth\u00e8se florale<\/title>\n<meta name=\"robots\" content=\"index, follow, max-snippet:-1, max-image-preview:large, max-video-preview:-1\" \/>\n<link rel=\"canonical\" href=\"https:\/\/parentheseflorale.fr\/?product=vase-box-cartonne\" \/>\n<meta property=\"og:locale\" content=\"fr_FR\" \/>\n<meta property=\"og:type\" content=\"article\" \/>\n<meta property=\"og:title\" content=\"Vase box cartonn\u00e9 - Parenth\u00e8se florale\" \/>\n<meta property=\"og:description\" content=\"Box en carton naturel, substituant un vase. Id\u00e9al pour offrir l&#039;un de nos bouquets en s&#039;assurant que celui-ci soit mis \u00e0 l&#039;eau rapidement.\" \/>\n<meta property=\"og:url\" content=\"https:\/\/parentheseflorale.fr\/?product=vase-box-cartonne\" \/>\n<meta property=\"og:site_name\" content=\"Parenth\u00e8se florale\" \/>\n<meta property=\"article:modified_time\" content=\"2026-04-29T10:26:12+00:00\" \/>\n<meta property=\"og:image\" content=\"https:\/\/parentheseflorale.fr\/wp-content\/uploads\/2025\/02\/vase-box-cartonne1.jpg\" \/>\n\t<meta property=\"og:image:width\" content=\"2048\" \/>\n\t<meta property=\"og:image:height\" content=\"1894\" \/>\n\t<meta property=\"og:image:type\" content=\"image\/jpeg\" \/>\n<meta name=\"twitter:card\" content=\"summary_large_image\" \/>\n<script type=\"application\/ld+json\" class=\"yoast-schema-graph\">{\"@context\":\"https:\\\/\\\/schema.org\",\"@graph\":[{\"@type\":\"WebPage\",\"@id\":\"https:\\\/\\\/parentheseflorale.fr\\\/?product=vase-box-cartonne\",\"url\":\"https:\\\/\\\/parentheseflorale.fr\\\/?product=vase-box-cartonne\",\"name\":\"Vase box cartonn\u00e9 - Parenth\u00e8se florale\",\"isPartOf\":{\"@id\":\"https:\\\/\\\/parentheseflorale.fr\\\/#website\"},\"primaryImageOfPage\":{\"@id\":\"https:\\\/\\\/parentheseflorale.fr\\\/?product=vase-box-cartonne#primaryimage\"},\"image\":{\"@id\":\"https:\\\/\\\/parentheseflorale.fr\\\/?product=vase-box-cartonne#primaryimage\"},\"thumbnailUrl\":\"https:\\\/\\\/parentheseflorale.fr\\\/wp-content\\\/uploads\\\/2025\\\/02\\\/vase-box-cartonne1.jpg\",\"datePublished\":\"2025-02-03T15:34:31+00:00\",\"dateModified\":\"2026-04-29T10:26:12+00:00\",\"breadcrumb\":{\"@id\":\"https:\\\/\\\/parentheseflorale.fr\\\/?product=vase-box-cartonne#breadcrumb\"},\"inLanguage\":\"fr-FR\",\"potentialAction\":[{\"@type\":\"ReadAction\",\"target\":[\"https:\\\/\\\/parentheseflorale.fr\\\/?product=vase-box-cartonne\"]}]},{\"@type\":\"ImageObject\",\"inLanguage\":\"fr-FR\",\"@id\":\"https:\\\/\\\/parentheseflorale.fr\\\/?product=vase-box-cartonne#primaryimage\",\"url\":\"https:\\\/\\\/parentheseflorale.fr\\\/wp-content\\\/uploads\\\/2025\\\/02\\\/vase-box-cartonne1.jpg\",\"contentUrl\":\"https:\\\/\\\/parentheseflorale.fr\\\/wp-content\\\/uploads\\\/2025\\\/02\\\/vase-box-cartonne1.jpg\",\"width\":2048,\"height\":1894,\"caption\":\"vase box cartonn\u00e9\"},{\"@type\":\"BreadcrumbList\",\"@id\":\"https:\\\/\\\/parentheseflorale.fr\\\/?product=vase-box-cartonne#breadcrumb\",\"itemListElement\":[{\"@type\":\"ListItem\",\"position\":1,\"name\":\"Accueil\",\"item\":\"https:\\\/\\\/parentheseflorale.fr\\\/\"},{\"@type\":\"ListItem\",\"position\":2,\"name\":\"Produits\",\"item\":\"https:\\\/\\\/parentheseflorale.fr\\\/?post_type=product\"},{\"@type\":\"ListItem\",\"position\":3,\"name\":\"Vase box cartonn\u00e9\"}]},{\"@type\":\"WebSite\",\"@id\":\"https:\\\/\\\/parentheseflorale.fr\\\/#website\",\"url\":\"https:\\\/\\\/parentheseflorale.fr\\\/\",\"name\":\"Parenth\u00e8se florale\",\"description\":\"&quot;offrez vous un moment entre parenth\u00e8ses&quot;\",\"publisher\":{\"@id\":\"https:\\\/\\\/parentheseflorale.fr\\\/#organization\"},\"potentialAction\":[{\"@type\":\"SearchAction\",\"target\":{\"@type\":\"EntryPoint\",\"urlTemplate\":\"https:\\\/\\\/parentheseflorale.fr\\\/?s={search_term_string}\"},\"query-input\":{\"@type\":\"PropertyValueSpecification\",\"valueRequired\":true,\"valueName\":\"search_term_string\"}}],\"inLanguage\":\"fr-FR\"},{\"@type\":\"Organization\",\"@id\":\"https:\\\/\\\/parentheseflorale.fr\\\/#organization\",\"name\":\"Parenth\u00e8se florale\",\"url\":\"https:\\\/\\\/parentheseflorale.fr\\\/\",\"logo\":{\"@type\":\"ImageObject\",\"inLanguage\":\"fr-FR\",\"@id\":\"https:\\\/\\\/parentheseflorale.fr\\\/#\\\/schema\\\/logo\\\/image\\\/\",\"url\":\"https:\\\/\\\/parentheseflorale.fr\\\/wp-content\\\/uploads\\\/2021\\\/02\\\/PF-OK-transparent-01.png\",\"contentUrl\":\"https:\\\/\\\/parentheseflorale.fr\\\/wp-content\\\/uploads\\\/2021\\\/02\\\/PF-OK-transparent-01.png\",\"width\":1248,\"height\":1247,\"caption\":\"Parenth\u00e8se florale\"},\"image\":{\"@id\":\"https:\\\/\\\/parentheseflorale.fr\\\/#\\\/schema\\\/logo\\\/image\\\/\"}}]}<\/script>\n<!-- \/ Yoast SEO plugin. -->","yoast_head_json":{"title":"Vase box cartonn\u00e9 - Parenth\u00e8se florale","robots":{"index":"index","follow":"follow","max-snippet":"max-snippet:-1","max-image-preview":"max-image-preview:large","max-video-preview":"max-video-preview:-1"},"canonical":"https:\/\/parentheseflorale.fr\/?product=vase-box-cartonne","og_locale":"fr_FR","og_type":"article","og_title":"Vase box cartonn\u00e9 - Parenth\u00e8se florale","og_description":"Box en carton naturel, substituant un vase. Id\u00e9al pour offrir l'un de nos bouquets en s'assurant que celui-ci soit mis \u00e0 l'eau rapidement.","og_url":"https:\/\/parentheseflorale.fr\/?product=vase-box-cartonne","og_site_name":"Parenth\u00e8se florale","article_modified_time":"2026-04-29T10:26:12+00:00","og_image":[{"width":2048,"height":1894,"url":"https:\/\/parentheseflorale.fr\/wp-content\/uploads\/2025\/02\/vase-box-cartonne1.jpg","type":"image\/jpeg"}],"twitter_card":"summary_large_image","schema":{"@context":"https:\/\/schema.org","@graph":[{"@type":"WebPage","@id":"https:\/\/parentheseflorale.fr\/?product=vase-box-cartonne","url":"https:\/\/parentheseflorale.fr\/?product=vase-box-cartonne","name":"Vase box cartonn\u00e9 - Parenth\u00e8se florale","isPartOf":{"@id":"https:\/\/parentheseflorale.fr\/#website"},"primaryImageOfPage":{"@id":"https:\/\/parentheseflorale.fr\/?product=vase-box-cartonne#primaryimage"},"image":{"@id":"https:\/\/parentheseflorale.fr\/?product=vase-box-cartonne#primaryimage"},"thumbnailUrl":"https:\/\/parentheseflorale.fr\/wp-content\/uploads\/2025\/02\/vase-box-cartonne1.jpg","datePublished":"2025-02-03T15:34:31+00:00","dateModified":"2026-04-29T10:26:12+00:00","breadcrumb":{"@id":"https:\/\/parentheseflorale.fr\/?product=vase-box-cartonne#breadcrumb"},"inLanguage":"fr-FR","potentialAction":[{"@type":"ReadAction","target":["https:\/\/parentheseflorale.fr\/?product=vase-box-cartonne"]}]},{"@type":"ImageObject","inLanguage":"fr-FR","@id":"https:\/\/parentheseflorale.fr\/?product=vase-box-cartonne#primaryimage","url":"https:\/\/parentheseflorale.fr\/wp-content\/uploads\/2025\/02\/vase-box-cartonne1.jpg","contentUrl":"https:\/\/parentheseflorale.fr\/wp-content\/uploads\/2025\/02\/vase-box-cartonne1.jpg","width":2048,"height":1894,"caption":"vase box cartonn\u00e9"},{"@type":"BreadcrumbList","@id":"https:\/\/parentheseflorale.fr\/?product=vase-box-cartonne#breadcrumb","itemListElement":[{"@type":"ListItem","position":1,"name":"Accueil","item":"https:\/\/parentheseflorale.fr\/"},{"@type":"ListItem","position":2,"name":"Produits","item":"https:\/\/parentheseflorale.fr\/?post_type=product"},{"@type":"ListItem","position":3,"name":"Vase box cartonn\u00e9"}]},{"@type":"WebSite","@id":"https:\/\/parentheseflorale.fr\/#website","url":"https:\/\/parentheseflorale.fr\/","name":"Parenth\u00e8se florale","description":"&quot;offrez vous un moment entre parenth\u00e8ses&quot;","publisher":{"@id":"https:\/\/parentheseflorale.fr\/#organization"},"potentialAction":[{"@type":"SearchAction","target":{"@type":"EntryPoint","urlTemplate":"https:\/\/parentheseflorale.fr\/?s={search_term_string}"},"query-input":{"@type":"PropertyValueSpecification","valueRequired":true,"valueName":"search_term_string"}}],"inLanguage":"fr-FR"},{"@type":"Organization","@id":"https:\/\/parentheseflorale.fr\/#organization","name":"Parenth\u00e8se florale","url":"https:\/\/parentheseflorale.fr\/","logo":{"@type":"ImageObject","inLanguage":"fr-FR","@id":"https:\/\/parentheseflorale.fr\/#\/schema\/logo\/image\/","url":"https:\/\/parentheseflorale.fr\/wp-content\/uploads\/2021\/02\/PF-OK-transparent-01.png","contentUrl":"https:\/\/parentheseflorale.fr\/wp-content\/uploads\/2021\/02\/PF-OK-transparent-01.png","width":1248,"height":1247,"caption":"Parenth\u00e8se florale"},"image":{"@id":"https:\/\/parentheseflorale.fr\/#\/schema\/logo\/image\/"}}]}},"jetpack_sharing_enabled":true,"_links":{"self":[{"href":"https:\/\/parentheseflorale.fr\/index.php?rest_route=\/wp\/v2\/product\/989687","targetHints":{"allow":["GET"]}}],"collection":[{"href":"https:\/\/parentheseflorale.fr\/index.php?rest_route=\/wp\/v2\/product"}],"about":[{"href":"https:\/\/parentheseflorale.fr\/index.php?rest_route=\/wp\/v2\/types\/product"}],"replies":[{"embeddable":true,"href":"https:\/\/parentheseflorale.fr\/index.php?rest_route=%2Fwp%2Fv2%2Fcomments&post=989687"}],"version-history":[{"count":1,"href":"https:\/\/parentheseflorale.fr\/index.php?rest_route=\/wp\/v2\/product\/989687\/revisions"}],"predecessor-version":[{"id":989688,"href":"https:\/\/parentheseflorale.fr\/index.php?rest_route=\/wp\/v2\/product\/989687\/revisions\/989688"}],"wp:featuredmedia":[{"embeddable":true,"href":"https:\/\/parentheseflorale.fr\/index.php?rest_route=\/wp\/v2\/media\/990104"}],"wp:attachment":[{"href":"https:\/\/parentheseflorale.fr\/index.php?rest_route=%2Fwp%2Fv2%2Fmedia&parent=989687"}],"wp:term":[{"taxonomy":"product_brand","embeddable":true,"href":"https:\/\/parentheseflorale.fr\/index.php?rest_route=%2Fwp%2Fv2%2Fproduct_brand&post=989687"},{"taxonomy":"product_cat","embeddable":true,"href":"https:\/\/parentheseflorale.fr\/index.php?rest_route=%2Fwp%2Fv2%2Fproduct_cat&post=989687"},{"taxonomy":"product_tag","embeddable":true,"href":"https:\/\/parentheseflorale.fr\/index.php?rest_route=%2Fwp%2Fv2%2Fproduct_tag&post=989687"}],"curies":[{"name":"wp","href":"https:\/\/api.w.org\/{rel}","templated":true}]}}