{"id":989678,"date":"2026-02-02T17:05:25","date_gmt":"2026-02-02T16:05:25","guid":{"rendered":"https:\/\/parentheseflorale.fr\/?post_type=product&#038;p=989678"},"modified":"2026-04-10T15:49:25","modified_gmt":"2026-04-10T13:49:25","slug":"pichet-en-ceramique-2","status":"publish","type":"product","link":"https:\/\/parentheseflorale.fr\/?product=pichet-en-ceramique-2","title":{"rendered":"Pichet en c\u00e9ramique"},"content":{"rendered":"<div class=\"vgblk-rw-wrapper limit-wrapper\">\n<ul>\n<li><span style=\"color: var(--vamtam-widget-text-lighter);letter-spacing: var(--vamtam-primary-font-letter-spacing-desktop,normal);text-transform: var(--vamtam-primary-font-transform,none)\">Colori : blanc et rouge<\/span><\/li>\n<li><span style=\"color: var(--vamtam-widget-text-lighter);letter-spacing: var(--vamtam-primary-font-letter-spacing-desktop,normal);text-transform: var(--vamtam-primary-font-transform,none)\">Hauteur : 10 cm | Diam\u00e8tre : 10 cm | Goulot : 7 cm<\/span><\/li>\n<li>Mati\u00e8re : c\u00e9ramique \u00e9maill\u00e9e<\/li>\n<li>Fabrication artisanale au Portugal, chaque pi\u00e8ce peut l\u00e9g\u00e8rement diff\u00e9rer en couleur<\/li>\n<li>Peut contenir de l\u2019eau<\/li>\n<li>Pour vos fleurs fra\u00eeches ou s\u00e9ch\u00e9es<\/li>\n<li>Disponible en retrait \u00e0 la boutique (69 rue de Marseille, 69007 Lyon) ou en livraison \u00e0 v\u00e9lo secteur Lyon\/Villeurbanne<\/li>\n<\/ul>\n<\/div>\n<p><!-- .vgblk-rw-wrapper --><\/p>\n","protected":false},"excerpt":{"rendered":"<p>Pichet fait main en fa\u00efence blanche \u00e9maill\u00e9 avec son coeur rouge. Id\u00e9al pour vos bouquets de fleurs fra\u00eeches, de fleurs s\u00e9ch\u00e9es ou en accessoire d\u00e9coratif.<\/p>\n","protected":false},"featured_media":990111,"comment_status":"open","ping_status":"closed","template":"","meta":{"om_disable_all_campaigns":false,"_monsterinsights_skip_tracking":false,"_monsterinsights_sitenote_active":false,"_monsterinsights_sitenote_note":"","_monsterinsights_sitenote_category":0},"product_brand":[],"product_cat":[112],"product_tag":[],"class_list":{"0":"post-989678","1":"product","2":"type-product","3":"status-publish","4":"has-post-thumbnail","6":"product_cat-vases","8":"first","9":"outofstock","10":"taxable","11":"shipping-taxable","12":"purchasable","13":"product-type-simple"},"yoast_head":"<!-- This site is optimized with the Yoast SEO plugin v27.5 - https:\/\/yoast.com\/product\/yoast-seo-wordpress\/ -->\n<title>Pichet en c\u00e9ramique - Parenth\u00e8se florale<\/title>\n<meta name=\"robots\" content=\"index, follow, max-snippet:-1, max-image-preview:large, max-video-preview:-1\" \/>\n<link rel=\"canonical\" href=\"https:\/\/parentheseflorale.fr\/?product=pichet-en-ceramique-2\" \/>\n<meta property=\"og:locale\" content=\"fr_FR\" \/>\n<meta property=\"og:type\" content=\"article\" \/>\n<meta property=\"og:title\" content=\"Pichet en c\u00e9ramique - Parenth\u00e8se florale\" \/>\n<meta property=\"og:description\" content=\"Pichet fait main en fa\u00efence blanche \u00e9maill\u00e9 avec son coeur rouge. Id\u00e9al pour vos bouquets de fleurs fra\u00eeches, de fleurs s\u00e9ch\u00e9es ou en accessoire d\u00e9coratif.\" \/>\n<meta property=\"og:url\" content=\"https:\/\/parentheseflorale.fr\/?product=pichet-en-ceramique-2\" \/>\n<meta property=\"og:site_name\" content=\"Parenth\u00e8se florale\" \/>\n<meta property=\"article:modified_time\" content=\"2026-04-10T13:49:25+00:00\" \/>\n<meta property=\"og:image\" content=\"https:\/\/parentheseflorale.fr\/wp-content\/uploads\/2025\/02\/pichet-coeur1.jpg\" \/>\n\t<meta property=\"og:image:width\" content=\"2048\" \/>\n\t<meta property=\"og:image:height\" content=\"1894\" \/>\n\t<meta property=\"og:image:type\" content=\"image\/jpeg\" \/>\n<meta name=\"twitter:card\" content=\"summary_large_image\" \/>\n<script type=\"application\/ld+json\" class=\"yoast-schema-graph\">{\"@context\":\"https:\\\/\\\/schema.org\",\"@graph\":[{\"@type\":\"WebPage\",\"@id\":\"https:\\\/\\\/parentheseflorale.fr\\\/?product=pichet-en-ceramique-2\",\"url\":\"https:\\\/\\\/parentheseflorale.fr\\\/?product=pichet-en-ceramique-2\",\"name\":\"Pichet en c\u00e9ramique - Parenth\u00e8se florale\",\"isPartOf\":{\"@id\":\"https:\\\/\\\/parentheseflorale.fr\\\/#website\"},\"primaryImageOfPage\":{\"@id\":\"https:\\\/\\\/parentheseflorale.fr\\\/?product=pichet-en-ceramique-2#primaryimage\"},\"image\":{\"@id\":\"https:\\\/\\\/parentheseflorale.fr\\\/?product=pichet-en-ceramique-2#primaryimage\"},\"thumbnailUrl\":\"https:\\\/\\\/parentheseflorale.fr\\\/wp-content\\\/uploads\\\/2025\\\/02\\\/pichet-coeur1.jpg\",\"datePublished\":\"2026-02-02T16:05:25+00:00\",\"dateModified\":\"2026-04-10T13:49:25+00:00\",\"breadcrumb\":{\"@id\":\"https:\\\/\\\/parentheseflorale.fr\\\/?product=pichet-en-ceramique-2#breadcrumb\"},\"inLanguage\":\"fr-FR\",\"potentialAction\":[{\"@type\":\"ReadAction\",\"target\":[\"https:\\\/\\\/parentheseflorale.fr\\\/?product=pichet-en-ceramique-2\"]}]},{\"@type\":\"ImageObject\",\"inLanguage\":\"fr-FR\",\"@id\":\"https:\\\/\\\/parentheseflorale.fr\\\/?product=pichet-en-ceramique-2#primaryimage\",\"url\":\"https:\\\/\\\/parentheseflorale.fr\\\/wp-content\\\/uploads\\\/2025\\\/02\\\/pichet-coeur1.jpg\",\"contentUrl\":\"https:\\\/\\\/parentheseflorale.fr\\\/wp-content\\\/uploads\\\/2025\\\/02\\\/pichet-coeur1.jpg\",\"width\":2048,\"height\":1894,\"caption\":\"Pichet Saint Valentin\"},{\"@type\":\"BreadcrumbList\",\"@id\":\"https:\\\/\\\/parentheseflorale.fr\\\/?product=pichet-en-ceramique-2#breadcrumb\",\"itemListElement\":[{\"@type\":\"ListItem\",\"position\":1,\"name\":\"Accueil\",\"item\":\"https:\\\/\\\/parentheseflorale.fr\\\/\"},{\"@type\":\"ListItem\",\"position\":2,\"name\":\"Produits\",\"item\":\"https:\\\/\\\/parentheseflorale.fr\\\/?post_type=product\"},{\"@type\":\"ListItem\",\"position\":3,\"name\":\"Pichet en c\u00e9ramique\"}]},{\"@type\":\"WebSite\",\"@id\":\"https:\\\/\\\/parentheseflorale.fr\\\/#website\",\"url\":\"https:\\\/\\\/parentheseflorale.fr\\\/\",\"name\":\"Parenth\u00e8se florale\",\"description\":\"&quot;offrez vous un moment entre parenth\u00e8ses&quot;\",\"publisher\":{\"@id\":\"https:\\\/\\\/parentheseflorale.fr\\\/#organization\"},\"potentialAction\":[{\"@type\":\"SearchAction\",\"target\":{\"@type\":\"EntryPoint\",\"urlTemplate\":\"https:\\\/\\\/parentheseflorale.fr\\\/?s={search_term_string}\"},\"query-input\":{\"@type\":\"PropertyValueSpecification\",\"valueRequired\":true,\"valueName\":\"search_term_string\"}}],\"inLanguage\":\"fr-FR\"},{\"@type\":\"Organization\",\"@id\":\"https:\\\/\\\/parentheseflorale.fr\\\/#organization\",\"name\":\"Parenth\u00e8se florale\",\"url\":\"https:\\\/\\\/parentheseflorale.fr\\\/\",\"logo\":{\"@type\":\"ImageObject\",\"inLanguage\":\"fr-FR\",\"@id\":\"https:\\\/\\\/parentheseflorale.fr\\\/#\\\/schema\\\/logo\\\/image\\\/\",\"url\":\"https:\\\/\\\/parentheseflorale.fr\\\/wp-content\\\/uploads\\\/2021\\\/02\\\/PF-OK-transparent-01.png\",\"contentUrl\":\"https:\\\/\\\/parentheseflorale.fr\\\/wp-content\\\/uploads\\\/2021\\\/02\\\/PF-OK-transparent-01.png\",\"width\":1248,\"height\":1247,\"caption\":\"Parenth\u00e8se florale\"},\"image\":{\"@id\":\"https:\\\/\\\/parentheseflorale.fr\\\/#\\\/schema\\\/logo\\\/image\\\/\"}}]}<\/script>\n<!-- \/ Yoast SEO plugin. -->","yoast_head_json":{"title":"Pichet en c\u00e9ramique - Parenth\u00e8se florale","robots":{"index":"index","follow":"follow","max-snippet":"max-snippet:-1","max-image-preview":"max-image-preview:large","max-video-preview":"max-video-preview:-1"},"canonical":"https:\/\/parentheseflorale.fr\/?product=pichet-en-ceramique-2","og_locale":"fr_FR","og_type":"article","og_title":"Pichet en c\u00e9ramique - Parenth\u00e8se florale","og_description":"Pichet fait main en fa\u00efence blanche \u00e9maill\u00e9 avec son coeur rouge. Id\u00e9al pour vos bouquets de fleurs fra\u00eeches, de fleurs s\u00e9ch\u00e9es ou en accessoire d\u00e9coratif.","og_url":"https:\/\/parentheseflorale.fr\/?product=pichet-en-ceramique-2","og_site_name":"Parenth\u00e8se florale","article_modified_time":"2026-04-10T13:49:25+00:00","og_image":[{"width":2048,"height":1894,"url":"https:\/\/parentheseflorale.fr\/wp-content\/uploads\/2025\/02\/pichet-coeur1.jpg","type":"image\/jpeg"}],"twitter_card":"summary_large_image","schema":{"@context":"https:\/\/schema.org","@graph":[{"@type":"WebPage","@id":"https:\/\/parentheseflorale.fr\/?product=pichet-en-ceramique-2","url":"https:\/\/parentheseflorale.fr\/?product=pichet-en-ceramique-2","name":"Pichet en c\u00e9ramique - Parenth\u00e8se florale","isPartOf":{"@id":"https:\/\/parentheseflorale.fr\/#website"},"primaryImageOfPage":{"@id":"https:\/\/parentheseflorale.fr\/?product=pichet-en-ceramique-2#primaryimage"},"image":{"@id":"https:\/\/parentheseflorale.fr\/?product=pichet-en-ceramique-2#primaryimage"},"thumbnailUrl":"https:\/\/parentheseflorale.fr\/wp-content\/uploads\/2025\/02\/pichet-coeur1.jpg","datePublished":"2026-02-02T16:05:25+00:00","dateModified":"2026-04-10T13:49:25+00:00","breadcrumb":{"@id":"https:\/\/parentheseflorale.fr\/?product=pichet-en-ceramique-2#breadcrumb"},"inLanguage":"fr-FR","potentialAction":[{"@type":"ReadAction","target":["https:\/\/parentheseflorale.fr\/?product=pichet-en-ceramique-2"]}]},{"@type":"ImageObject","inLanguage":"fr-FR","@id":"https:\/\/parentheseflorale.fr\/?product=pichet-en-ceramique-2#primaryimage","url":"https:\/\/parentheseflorale.fr\/wp-content\/uploads\/2025\/02\/pichet-coeur1.jpg","contentUrl":"https:\/\/parentheseflorale.fr\/wp-content\/uploads\/2025\/02\/pichet-coeur1.jpg","width":2048,"height":1894,"caption":"Pichet Saint Valentin"},{"@type":"BreadcrumbList","@id":"https:\/\/parentheseflorale.fr\/?product=pichet-en-ceramique-2#breadcrumb","itemListElement":[{"@type":"ListItem","position":1,"name":"Accueil","item":"https:\/\/parentheseflorale.fr\/"},{"@type":"ListItem","position":2,"name":"Produits","item":"https:\/\/parentheseflorale.fr\/?post_type=product"},{"@type":"ListItem","position":3,"name":"Pichet en c\u00e9ramique"}]},{"@type":"WebSite","@id":"https:\/\/parentheseflorale.fr\/#website","url":"https:\/\/parentheseflorale.fr\/","name":"Parenth\u00e8se florale","description":"&quot;offrez vous un moment entre parenth\u00e8ses&quot;","publisher":{"@id":"https:\/\/parentheseflorale.fr\/#organization"},"potentialAction":[{"@type":"SearchAction","target":{"@type":"EntryPoint","urlTemplate":"https:\/\/parentheseflorale.fr\/?s={search_term_string}"},"query-input":{"@type":"PropertyValueSpecification","valueRequired":true,"valueName":"search_term_string"}}],"inLanguage":"fr-FR"},{"@type":"Organization","@id":"https:\/\/parentheseflorale.fr\/#organization","name":"Parenth\u00e8se florale","url":"https:\/\/parentheseflorale.fr\/","logo":{"@type":"ImageObject","inLanguage":"fr-FR","@id":"https:\/\/parentheseflorale.fr\/#\/schema\/logo\/image\/","url":"https:\/\/parentheseflorale.fr\/wp-content\/uploads\/2021\/02\/PF-OK-transparent-01.png","contentUrl":"https:\/\/parentheseflorale.fr\/wp-content\/uploads\/2021\/02\/PF-OK-transparent-01.png","width":1248,"height":1247,"caption":"Parenth\u00e8se florale"},"image":{"@id":"https:\/\/parentheseflorale.fr\/#\/schema\/logo\/image\/"}}]}},"jetpack_sharing_enabled":true,"_links":{"self":[{"href":"https:\/\/parentheseflorale.fr\/index.php?rest_route=\/wp\/v2\/product\/989678","targetHints":{"allow":["GET"]}}],"collection":[{"href":"https:\/\/parentheseflorale.fr\/index.php?rest_route=\/wp\/v2\/product"}],"about":[{"href":"https:\/\/parentheseflorale.fr\/index.php?rest_route=\/wp\/v2\/types\/product"}],"replies":[{"embeddable":true,"href":"https:\/\/parentheseflorale.fr\/index.php?rest_route=%2Fwp%2Fv2%2Fcomments&post=989678"}],"version-history":[{"count":4,"href":"https:\/\/parentheseflorale.fr\/index.php?rest_route=\/wp\/v2\/product\/989678\/revisions"}],"predecessor-version":[{"id":991148,"href":"https:\/\/parentheseflorale.fr\/index.php?rest_route=\/wp\/v2\/product\/989678\/revisions\/991148"}],"wp:featuredmedia":[{"embeddable":true,"href":"https:\/\/parentheseflorale.fr\/index.php?rest_route=\/wp\/v2\/media\/990111"}],"wp:attachment":[{"href":"https:\/\/parentheseflorale.fr\/index.php?rest_route=%2Fwp%2Fv2%2Fmedia&parent=989678"}],"wp:term":[{"taxonomy":"product_brand","embeddable":true,"href":"https:\/\/parentheseflorale.fr\/index.php?rest_route=%2Fwp%2Fv2%2Fproduct_brand&post=989678"},{"taxonomy":"product_cat","embeddable":true,"href":"https:\/\/parentheseflorale.fr\/index.php?rest_route=%2Fwp%2Fv2%2Fproduct_cat&post=989678"},{"taxonomy":"product_tag","embeddable":true,"href":"https:\/\/parentheseflorale.fr\/index.php?rest_route=%2Fwp%2Fv2%2Fproduct_tag&post=989678"}],"curies":[{"name":"wp","href":"https:\/\/api.w.org\/{rel}","templated":true}]}}