{"id":988509,"date":"2026-02-02T16:23:03","date_gmt":"2026-02-02T15:23:03","guid":{"rendered":"https:\/\/parentheseflorale.fr\/?post_type=product&#038;p=988509"},"modified":"2026-04-12T20:35:16","modified_gmt":"2026-04-12T18:35:16","slug":"cache-pot-boule-a-facettes","status":"publish","type":"product","link":"https:\/\/parentheseflorale.fr\/?product=cache-pot-boule-a-facettes","title":{"rendered":"Suspension boule \u00e0 facettes"},"content":{"rendered":"<div class=\"vgblk-rw-wrapper limit-wrapper\">\n<blockquote class=\"ml-2 border-l-4 border-border-300\/10 pl-4 text-text-300\">\n<p class=\"font-claude-response-body break-words whitespace-normal leading-[1.7]\">La boule \u00e0 facettes s&#8217;invite chez vos plantes. Suspendue, elle capte la lumi\u00e8re et la disperse en mille \u00e9clats.<\/p>\n<\/blockquote>\n<ul class=\"[li_&amp;]:mb-0 [li_&amp;]:mt-1 [li_&amp;]:gap-1 [&amp;:not(:last-child)_ul]:pb-1 [&amp;:not(:last-child)_ol]:pb-1 list-disc flex flex-col gap-1 pl-8 mb-3\">\n<li class=\"whitespace-normal break-words pl-2\">Coloris : miroir argent\u00e9 ou rose gold<\/li>\n<li class=\"whitespace-normal break-words pl-2\">Diam\u00e8tre : 11 cm | 16 cm | 20 cm \u2014 Ouverture : 7 cm | 10 cm | 13 cm<\/li>\n<li class=\"whitespace-normal break-words pl-2\">Fourni avec cha\u00eenette de suspension 40 cm et disque de support en bois<\/li>\n<li class=\"whitespace-normal break-words pl-2\">6 facettes suppl\u00e9mentaires incluses<\/li>\n<li class=\"whitespace-normal break-words pl-2\">Retrait au 69 rue de Marseille, Lyon 7e \u2014 livraison \u00e0 v\u00e9lo Lyon\/Villeurbanne<\/li>\n<\/ul>\n<\/div>\n<p><!-- .vgblk-rw-wrapper --><\/p>\n","protected":false},"excerpt":{"rendered":"<blockquote class=\"ml-2 border-l-4 border-border-300\/10 pl-4 text-text-300\">\n<p class=\"font-claude-response-body break-words whitespace-normal leading-[1.7]\">Cache-pot suspension boule \u00e0 facettes miroir, argent\u00e9 ou rose gold. 3 tailles au choix. Fourni avec cha\u00eenette 40 cm et disque bois. Fleuriste Lyon 7.<\/p>\n<\/blockquote>\n","protected":false},"featured_media":990243,"comment_status":"open","ping_status":"closed","template":"","meta":{"om_disable_all_campaigns":false,"_monsterinsights_skip_tracking":false,"_monsterinsights_sitenote_active":false,"_monsterinsights_sitenote_note":"","_monsterinsights_sitenote_category":0},"product_brand":[],"product_cat":[114,115],"product_tag":[],"class_list":{"0":"post-988509","1":"product","2":"type-product","3":"status-publish","4":"has-post-thumbnail","6":"product_cat-accessoires","7":"product_cat-caches-pots","9":"first","10":"instock","11":"taxable","12":"shipping-taxable","13":"purchasable","14":"product-type-variable"},"yoast_head":"<!-- This site is optimized with the Yoast SEO plugin v27.5 - https:\/\/yoast.com\/product\/yoast-seo-wordpress\/ -->\n<title>Cache-pot Boule \u00e0 Facettes \ud83e\udea9 | Parenth\u00e8se Florale Lyon<\/title>\n<meta name=\"description\" content=\"Cache-pot suspension boule \u00e0 facettes miroir, argent\u00e9 ou rose gold. 3 tailles disponibles, fourni avec cha\u00eenette et disque bois. Boutique fleuriste Lyon 7. Click &amp; Collect ou livraison v\u00e9lo Lyon.\" \/>\n<meta name=\"robots\" content=\"index, follow, max-snippet:-1, max-image-preview:large, max-video-preview:-1\" \/>\n<link rel=\"canonical\" href=\"https:\/\/parentheseflorale.fr\/?product=cache-pot-boule-a-facettes\" \/>\n<meta property=\"og:locale\" content=\"fr_FR\" \/>\n<meta property=\"og:type\" content=\"article\" \/>\n<meta property=\"og:title\" content=\"Cache-pot Boule \u00e0 Facettes \ud83e\udea9 | Parenth\u00e8se Florale Lyon\" \/>\n<meta property=\"og:description\" content=\"Cache-pot suspension boule \u00e0 facettes miroir, argent\u00e9 ou rose gold. 3 tailles disponibles, fourni avec cha\u00eenette et disque bois. Boutique fleuriste Lyon 7. Click &amp; Collect ou livraison v\u00e9lo Lyon.\" \/>\n<meta property=\"og:url\" content=\"https:\/\/parentheseflorale.fr\/?product=cache-pot-boule-a-facettes\" \/>\n<meta property=\"og:site_name\" content=\"Parenth\u00e8se florale\" \/>\n<meta property=\"article:modified_time\" content=\"2026-04-12T18:35:16+00:00\" \/>\n<meta property=\"og:image\" content=\"https:\/\/parentheseflorale.fr\/wp-content\/uploads\/2024\/04\/parenthese-avril2024-81-e1739181551789.jpg\" \/>\n\t<meta property=\"og:image:width\" content=\"1600\" \/>\n\t<meta property=\"og:image:height\" content=\"1600\" \/>\n\t<meta property=\"og:image:type\" content=\"image\/jpeg\" \/>\n<meta name=\"twitter:card\" content=\"summary_large_image\" \/>\n<meta name=\"twitter:label1\" content=\"Dur\u00e9e de lecture estim\u00e9e\" \/>\n\t<meta name=\"twitter:data1\" content=\"1 minute\" \/>\n<script type=\"application\/ld+json\" class=\"yoast-schema-graph\">{\"@context\":\"https:\\\/\\\/schema.org\",\"@graph\":[{\"@type\":\"WebPage\",\"@id\":\"https:\\\/\\\/parentheseflorale.fr\\\/?product=cache-pot-boule-a-facettes\",\"url\":\"https:\\\/\\\/parentheseflorale.fr\\\/?product=cache-pot-boule-a-facettes\",\"name\":\"Cache-pot Boule \u00e0 Facettes \ud83e\udea9 | Parenth\u00e8se Florale Lyon\",\"isPartOf\":{\"@id\":\"https:\\\/\\\/parentheseflorale.fr\\\/#website\"},\"primaryImageOfPage\":{\"@id\":\"https:\\\/\\\/parentheseflorale.fr\\\/?product=cache-pot-boule-a-facettes#primaryimage\"},\"image\":{\"@id\":\"https:\\\/\\\/parentheseflorale.fr\\\/?product=cache-pot-boule-a-facettes#primaryimage\"},\"thumbnailUrl\":\"https:\\\/\\\/parentheseflorale.fr\\\/wp-content\\\/uploads\\\/2024\\\/04\\\/parenthese-avril2024-81-e1739181551789.jpg\",\"datePublished\":\"2026-02-02T15:23:03+00:00\",\"dateModified\":\"2026-04-12T18:35:16+00:00\",\"description\":\"Cache-pot suspension boule \u00e0 facettes miroir, argent\u00e9 ou rose gold. 3 tailles disponibles, fourni avec cha\u00eenette et disque bois. Boutique fleuriste Lyon 7. Click & Collect ou livraison v\u00e9lo Lyon.\",\"breadcrumb\":{\"@id\":\"https:\\\/\\\/parentheseflorale.fr\\\/?product=cache-pot-boule-a-facettes#breadcrumb\"},\"inLanguage\":\"fr-FR\",\"potentialAction\":[{\"@type\":\"ReadAction\",\"target\":[\"https:\\\/\\\/parentheseflorale.fr\\\/?product=cache-pot-boule-a-facettes\"]}]},{\"@type\":\"ImageObject\",\"inLanguage\":\"fr-FR\",\"@id\":\"https:\\\/\\\/parentheseflorale.fr\\\/?product=cache-pot-boule-a-facettes#primaryimage\",\"url\":\"https:\\\/\\\/parentheseflorale.fr\\\/wp-content\\\/uploads\\\/2024\\\/04\\\/parenthese-avril2024-81-e1739181551789.jpg\",\"contentUrl\":\"https:\\\/\\\/parentheseflorale.fr\\\/wp-content\\\/uploads\\\/2024\\\/04\\\/parenthese-avril2024-81-e1739181551789.jpg\",\"width\":1600,\"height\":1600,\"caption\":\"boule \u00e0 facette cache pot disco suspendu\"},{\"@type\":\"BreadcrumbList\",\"@id\":\"https:\\\/\\\/parentheseflorale.fr\\\/?product=cache-pot-boule-a-facettes#breadcrumb\",\"itemListElement\":[{\"@type\":\"ListItem\",\"position\":1,\"name\":\"Accueil\",\"item\":\"https:\\\/\\\/parentheseflorale.fr\\\/\"},{\"@type\":\"ListItem\",\"position\":2,\"name\":\"Produits\",\"item\":\"https:\\\/\\\/parentheseflorale.fr\\\/?post_type=product\"},{\"@type\":\"ListItem\",\"position\":3,\"name\":\"Suspension boule \u00e0 facettes\"}]},{\"@type\":\"WebSite\",\"@id\":\"https:\\\/\\\/parentheseflorale.fr\\\/#website\",\"url\":\"https:\\\/\\\/parentheseflorale.fr\\\/\",\"name\":\"Parenth\u00e8se florale\",\"description\":\"&quot;offrez vous un moment entre parenth\u00e8ses&quot;\",\"publisher\":{\"@id\":\"https:\\\/\\\/parentheseflorale.fr\\\/#organization\"},\"potentialAction\":[{\"@type\":\"SearchAction\",\"target\":{\"@type\":\"EntryPoint\",\"urlTemplate\":\"https:\\\/\\\/parentheseflorale.fr\\\/?s={search_term_string}\"},\"query-input\":{\"@type\":\"PropertyValueSpecification\",\"valueRequired\":true,\"valueName\":\"search_term_string\"}}],\"inLanguage\":\"fr-FR\"},{\"@type\":\"Organization\",\"@id\":\"https:\\\/\\\/parentheseflorale.fr\\\/#organization\",\"name\":\"Parenth\u00e8se florale\",\"url\":\"https:\\\/\\\/parentheseflorale.fr\\\/\",\"logo\":{\"@type\":\"ImageObject\",\"inLanguage\":\"fr-FR\",\"@id\":\"https:\\\/\\\/parentheseflorale.fr\\\/#\\\/schema\\\/logo\\\/image\\\/\",\"url\":\"https:\\\/\\\/parentheseflorale.fr\\\/wp-content\\\/uploads\\\/2021\\\/02\\\/PF-OK-transparent-01.png\",\"contentUrl\":\"https:\\\/\\\/parentheseflorale.fr\\\/wp-content\\\/uploads\\\/2021\\\/02\\\/PF-OK-transparent-01.png\",\"width\":1248,\"height\":1247,\"caption\":\"Parenth\u00e8se florale\"},\"image\":{\"@id\":\"https:\\\/\\\/parentheseflorale.fr\\\/#\\\/schema\\\/logo\\\/image\\\/\"}}]}<\/script>\n<!-- \/ Yoast SEO plugin. -->","yoast_head_json":{"title":"Cache-pot Boule \u00e0 Facettes \ud83e\udea9 | Parenth\u00e8se Florale Lyon","description":"Cache-pot suspension boule \u00e0 facettes miroir, argent\u00e9 ou rose gold. 3 tailles disponibles, fourni avec cha\u00eenette et disque bois. Boutique fleuriste Lyon 7. Click & Collect ou livraison v\u00e9lo Lyon.","robots":{"index":"index","follow":"follow","max-snippet":"max-snippet:-1","max-image-preview":"max-image-preview:large","max-video-preview":"max-video-preview:-1"},"canonical":"https:\/\/parentheseflorale.fr\/?product=cache-pot-boule-a-facettes","og_locale":"fr_FR","og_type":"article","og_title":"Cache-pot Boule \u00e0 Facettes \ud83e\udea9 | Parenth\u00e8se Florale Lyon","og_description":"Cache-pot suspension boule \u00e0 facettes miroir, argent\u00e9 ou rose gold. 3 tailles disponibles, fourni avec cha\u00eenette et disque bois. Boutique fleuriste Lyon 7. Click & Collect ou livraison v\u00e9lo Lyon.","og_url":"https:\/\/parentheseflorale.fr\/?product=cache-pot-boule-a-facettes","og_site_name":"Parenth\u00e8se florale","article_modified_time":"2026-04-12T18:35:16+00:00","og_image":[{"width":1600,"height":1600,"url":"https:\/\/parentheseflorale.fr\/wp-content\/uploads\/2024\/04\/parenthese-avril2024-81-e1739181551789.jpg","type":"image\/jpeg"}],"twitter_card":"summary_large_image","twitter_misc":{"Dur\u00e9e de lecture estim\u00e9e":"1 minute"},"schema":{"@context":"https:\/\/schema.org","@graph":[{"@type":"WebPage","@id":"https:\/\/parentheseflorale.fr\/?product=cache-pot-boule-a-facettes","url":"https:\/\/parentheseflorale.fr\/?product=cache-pot-boule-a-facettes","name":"Cache-pot Boule \u00e0 Facettes \ud83e\udea9 | Parenth\u00e8se Florale Lyon","isPartOf":{"@id":"https:\/\/parentheseflorale.fr\/#website"},"primaryImageOfPage":{"@id":"https:\/\/parentheseflorale.fr\/?product=cache-pot-boule-a-facettes#primaryimage"},"image":{"@id":"https:\/\/parentheseflorale.fr\/?product=cache-pot-boule-a-facettes#primaryimage"},"thumbnailUrl":"https:\/\/parentheseflorale.fr\/wp-content\/uploads\/2024\/04\/parenthese-avril2024-81-e1739181551789.jpg","datePublished":"2026-02-02T15:23:03+00:00","dateModified":"2026-04-12T18:35:16+00:00","description":"Cache-pot suspension boule \u00e0 facettes miroir, argent\u00e9 ou rose gold. 3 tailles disponibles, fourni avec cha\u00eenette et disque bois. Boutique fleuriste Lyon 7. Click & Collect ou livraison v\u00e9lo Lyon.","breadcrumb":{"@id":"https:\/\/parentheseflorale.fr\/?product=cache-pot-boule-a-facettes#breadcrumb"},"inLanguage":"fr-FR","potentialAction":[{"@type":"ReadAction","target":["https:\/\/parentheseflorale.fr\/?product=cache-pot-boule-a-facettes"]}]},{"@type":"ImageObject","inLanguage":"fr-FR","@id":"https:\/\/parentheseflorale.fr\/?product=cache-pot-boule-a-facettes#primaryimage","url":"https:\/\/parentheseflorale.fr\/wp-content\/uploads\/2024\/04\/parenthese-avril2024-81-e1739181551789.jpg","contentUrl":"https:\/\/parentheseflorale.fr\/wp-content\/uploads\/2024\/04\/parenthese-avril2024-81-e1739181551789.jpg","width":1600,"height":1600,"caption":"boule \u00e0 facette cache pot disco suspendu"},{"@type":"BreadcrumbList","@id":"https:\/\/parentheseflorale.fr\/?product=cache-pot-boule-a-facettes#breadcrumb","itemListElement":[{"@type":"ListItem","position":1,"name":"Accueil","item":"https:\/\/parentheseflorale.fr\/"},{"@type":"ListItem","position":2,"name":"Produits","item":"https:\/\/parentheseflorale.fr\/?post_type=product"},{"@type":"ListItem","position":3,"name":"Suspension boule \u00e0 facettes"}]},{"@type":"WebSite","@id":"https:\/\/parentheseflorale.fr\/#website","url":"https:\/\/parentheseflorale.fr\/","name":"Parenth\u00e8se florale","description":"&quot;offrez vous un moment entre parenth\u00e8ses&quot;","publisher":{"@id":"https:\/\/parentheseflorale.fr\/#organization"},"potentialAction":[{"@type":"SearchAction","target":{"@type":"EntryPoint","urlTemplate":"https:\/\/parentheseflorale.fr\/?s={search_term_string}"},"query-input":{"@type":"PropertyValueSpecification","valueRequired":true,"valueName":"search_term_string"}}],"inLanguage":"fr-FR"},{"@type":"Organization","@id":"https:\/\/parentheseflorale.fr\/#organization","name":"Parenth\u00e8se florale","url":"https:\/\/parentheseflorale.fr\/","logo":{"@type":"ImageObject","inLanguage":"fr-FR","@id":"https:\/\/parentheseflorale.fr\/#\/schema\/logo\/image\/","url":"https:\/\/parentheseflorale.fr\/wp-content\/uploads\/2021\/02\/PF-OK-transparent-01.png","contentUrl":"https:\/\/parentheseflorale.fr\/wp-content\/uploads\/2021\/02\/PF-OK-transparent-01.png","width":1248,"height":1247,"caption":"Parenth\u00e8se florale"},"image":{"@id":"https:\/\/parentheseflorale.fr\/#\/schema\/logo\/image\/"}}]}},"jetpack_sharing_enabled":true,"_links":{"self":[{"href":"https:\/\/parentheseflorale.fr\/index.php?rest_route=\/wp\/v2\/product\/988509","targetHints":{"allow":["GET"]}}],"collection":[{"href":"https:\/\/parentheseflorale.fr\/index.php?rest_route=\/wp\/v2\/product"}],"about":[{"href":"https:\/\/parentheseflorale.fr\/index.php?rest_route=\/wp\/v2\/types\/product"}],"replies":[{"embeddable":true,"href":"https:\/\/parentheseflorale.fr\/index.php?rest_route=%2Fwp%2Fv2%2Fcomments&post=988509"}],"version-history":[{"count":10,"href":"https:\/\/parentheseflorale.fr\/index.php?rest_route=\/wp\/v2\/product\/988509\/revisions"}],"predecessor-version":[{"id":991203,"href":"https:\/\/parentheseflorale.fr\/index.php?rest_route=\/wp\/v2\/product\/988509\/revisions\/991203"}],"wp:featuredmedia":[{"embeddable":true,"href":"https:\/\/parentheseflorale.fr\/index.php?rest_route=\/wp\/v2\/media\/990243"}],"wp:attachment":[{"href":"https:\/\/parentheseflorale.fr\/index.php?rest_route=%2Fwp%2Fv2%2Fmedia&parent=988509"}],"wp:term":[{"taxonomy":"product_brand","embeddable":true,"href":"https:\/\/parentheseflorale.fr\/index.php?rest_route=%2Fwp%2Fv2%2Fproduct_brand&post=988509"},{"taxonomy":"product_cat","embeddable":true,"href":"https:\/\/parentheseflorale.fr\/index.php?rest_route=%2Fwp%2Fv2%2Fproduct_cat&post=988509"},{"taxonomy":"product_tag","embeddable":true,"href":"https:\/\/parentheseflorale.fr\/index.php?rest_route=%2Fwp%2Fv2%2Fproduct_tag&post=988509"}],"curies":[{"name":"wp","href":"https:\/\/api.w.org\/{rel}","templated":true}]}}