{"id":3953,"date":"2021-04-30T15:31:33","date_gmt":"2021-04-30T15:31:33","guid":{"rendered":"https:\/\/lafeminite.vamtam.com\/?page_id=3953"},"modified":"2025-02-10T15:22:48","modified_gmt":"2025-02-10T14:22:48","slug":"terms-of-use","status":"publish","type":"page","link":"https:\/\/parentheseflorale.fr\/?page_id=3953","title":{"rendered":"Conditions g\u00e9n\u00e9rales de ventes &#038; d&#8217;usage"},"content":{"rendered":"\t\t<div data-elementor-type=\"wp-page\" data-elementor-id=\"3953\" class=\"elementor elementor-3953\" data-elementor-post-type=\"page\">\n\t\t\t\t\t\t<section class=\"elementor-section elementor-top-section elementor-element elementor-element-e5ce10e elementor-section-boxed elementor-section-height-default elementor-section-height-default\" data-id=\"e5ce10e\" data-element_type=\"section\" data-e-type=\"section\">\n\t\t\t\t\t\t<div class=\"elementor-container elementor-column-gap-no\">\n\t\t\t\t\t<div class=\"elementor-column elementor-col-100 elementor-top-column elementor-element elementor-element-c9b96ca animated-slow elementor-invisible\" data-id=\"c9b96ca\" data-element_type=\"column\" data-e-type=\"column\" data-settings=\"{&quot;animation&quot;:&quot;fadeIn&quot;,&quot;animation_delay&quot;:100}\">\n\t\t\t<div class=\"elementor-widget-wrap elementor-element-populated\">\n\t\t\t\t\t\t\t<\/div>\n\t\t<\/div>\n\t\t\t\t\t<\/div>\n\t\t<\/section>\n\t\t\t\t<section class=\"elementor-section elementor-top-section elementor-element elementor-element-84627bd elementor-section-boxed elementor-section-height-default elementor-section-height-default\" data-id=\"84627bd\" data-element_type=\"section\" data-e-type=\"section\">\n\t\t\t\t\t\t<div class=\"elementor-container elementor-column-gap-no\">\n\t\t\t\t\t<div class=\"elementor-column elementor-col-100 elementor-top-column elementor-element elementor-element-0c243ef\" data-id=\"0c243ef\" data-element_type=\"column\" data-e-type=\"column\">\n\t\t\t<div class=\"elementor-widget-wrap elementor-element-populated\">\n\t\t\t\t\t\t<div class=\"elementor-element elementor-element-30f1517 elementor-widget elementor-widget-heading\" data-id=\"30f1517\" data-element_type=\"widget\" data-e-type=\"widget\" data-widget_type=\"heading.default\">\n\t\t\t\t<div class=\"elementor-widget-container\">\n\t\t\t\t\t<h3 class=\"elementor-heading-title elementor-size-default\">1-Pr\u00e9ambule<\/h3>\t\t\t\t<\/div>\n\t\t\t\t<\/div>\n\t\t\t\t<div class=\"elementor-element elementor-element-3099e41 elementor-widget elementor-widget-heading\" data-id=\"3099e41\" data-element_type=\"widget\" data-e-type=\"widget\" data-widget_type=\"heading.default\">\n\t\t\t\t<div class=\"elementor-widget-container\">\n\t\t\t\t\t<h5 class=\"elementor-heading-title elementor-size-default\">Les pr\u00e9sentes Conditions G\u00e9n\u00e9rales de Vente et d'Utilisation r\u00e9gissent les relations contractuelles entre Parenth\u00e8se florale et ses clients. En passant commande sur le site www.parentheseflorale.fr, vous acceptez ces conditions dans leur int\u00e9gralit\u00e9. Nous vous invitons \u00e0 les lire attentivement avant toute utilisation ou achat. Pour toute information suppl\u00e9mentaire, n'h\u00e9sitez pas \u00e0 nous contacter \u00e0 l'adresse indiqu\u00e9e en bas de cette page.<\/h5>\t\t\t\t<\/div>\n\t\t\t\t<\/div>\n\t\t\t\t<div class=\"elementor-element elementor-element-1f85d83 elementor-widget elementor-widget-heading\" data-id=\"1f85d83\" data-element_type=\"widget\" data-e-type=\"widget\" data-widget_type=\"heading.default\">\n\t\t\t\t<div class=\"elementor-widget-container\">\n\t\t\t\t\t<h3 class=\"elementor-heading-title elementor-size-default\">2-Commandes &amp; produits<\/h3>\t\t\t\t<\/div>\n\t\t\t\t<\/div>\n\t\t\t\t<div class=\"elementor-element elementor-element-e405839 elementor-widget elementor-widget-text-editor\" data-id=\"e405839\" data-element_type=\"widget\" data-e-type=\"widget\" data-widget_type=\"text-editor.default\">\n\t\t\t\t<div class=\"elementor-widget-container\">\n\t\t\t\t\t\t\t\t\t<p>2.1-Passation de commande<\/p><p>Les commandes peuvent \u00eatre effectu\u00e9es en ligne ou en boutique. En pla\u00e7ant une commande, vous attestez \u00eatre en capacit\u00e9 l\u00e9gale de conclure une transaction et d&#8217;utiliser le mode de paiement choisi. La commande est confirm\u00e9e par un e-mail de confirmation. Toutes les commandes sont soumises \u00e0 notre acceptation et peuvent \u00eatre refus\u00e9es sans explication.<\/p><p>2.2-Produits<\/p><p>Nous nous effor\u00e7ons de pr\u00e9senter nos produits de mani\u00e8re pr\u00e9cise, en fournissant des descriptions et des images conformes. Toutefois, il convient de noter que les fleurs, plantes et cr\u00e9ations florales sont des \u00e9l\u00e9ments naturels et peuvent pr\u00e9senter des variations. Les dimensions et couleurs r\u00e9elles peuvent l\u00e9g\u00e8rement diff\u00e9rer de celles affich\u00e9es en ligne.<\/p>\t\t\t\t\t\t\t\t<\/div>\n\t\t\t\t<\/div>\n\t\t\t\t<div class=\"elementor-element elementor-element-5e8c474 elementor-widget elementor-widget-heading\" data-id=\"5e8c474\" data-element_type=\"widget\" data-e-type=\"widget\" data-widget_type=\"heading.default\">\n\t\t\t\t<div class=\"elementor-widget-container\">\n\t\t\t\t\t<h3 class=\"elementor-heading-title elementor-size-default\">3-Prix &amp; paiements\n<\/h3>\t\t\t\t<\/div>\n\t\t\t\t<\/div>\n\t\t\t\t<div class=\"elementor-element elementor-element-70313b9 elementor-widget elementor-widget-text-editor\" data-id=\"70313b9\" data-element_type=\"widget\" data-e-type=\"widget\" data-widget_type=\"text-editor.default\">\n\t\t\t\t<div class=\"elementor-widget-container\">\n\t\t\t\t\t\t\t\t\t<p>3.1-Tarifs<\/p><p>Les prix des produits sont indiqu\u00e9s en euros et incluent la TVA. Les frais de livraison, s&#8217;ils s&#8217;appliquent, seront ajout\u00e9s au montant total de la commande avant finalisation.<\/p><p>3.2-Mode de paiement<\/p><p>Les paiements sont s\u00e9curis\u00e9s et peuvent \u00eatre effectu\u00e9s par carte bancaire ou par tout autre moyen de paiement indiqu\u00e9 sur notre site. En cas de paiement par carte bancaire, vous garantissez \u00eatre le titulaire l\u00e9gal de la carte utilis\u00e9e pour effectuer la transaction.<\/p>\t\t\t\t\t\t\t\t<\/div>\n\t\t\t\t<\/div>\n\t\t\t\t<div class=\"elementor-element elementor-element-6369a89 elementor-widget elementor-widget-heading\" data-id=\"6369a89\" data-element_type=\"widget\" data-e-type=\"widget\" data-widget_type=\"heading.default\">\n\t\t\t\t<div class=\"elementor-widget-container\">\n\t\t\t\t\t<h3 class=\"elementor-heading-title elementor-size-default\">4-Livraison et Click &amp; Collect<\/h3>\t\t\t\t<\/div>\n\t\t\t\t<\/div>\n\t\t\t\t<div class=\"elementor-element elementor-element-001d202 elementor-widget elementor-widget-text-editor\" data-id=\"001d202\" data-element_type=\"widget\" data-e-type=\"widget\" data-widget_type=\"text-editor.default\">\n\t\t\t\t<div class=\"elementor-widget-container\">\n\t\t\t\t\t\t\t\t\t<p>4.1-Livraison<\/p><p>Les livraisons sont assur\u00e9es par notre partenaire BeCycle, un prestataire sp\u00e9cialis\u00e9 dans la livraison \u00e9cologique. Ce service est disponible exclusivement sur Lyon et Villeurbanne. Une fois la commande prise en charge par le livreur, la livraison sera effectu\u00e9e dans un d\u00e9lai maximal de 4 heures, sous r\u00e9serve des horaires d\u2019ouverture de la boutique, \u00e0 savoir du mardi au samedi.<\/p><p>Nos \u00e9quipes s&#8217;assurent auparavant de la pr\u00e9sence du destinataire au point de livraison en respectant le caract\u00e8re de &#8220;surprise&#8221; de l&#8217;objet de la livraison.<\/p><p>Tout retard de livraison ou manquement d&#8217;information li\u00e9 \u00e0 la livraison ne pourrait \u00eatre incomb\u00e9 \u00e0 la soci\u00e9t\u00e9 Parenth\u00e8se florale.<\/p><p>4.2-Livraison le dimanche<\/p><p data-pm-slice=\"1 1 [&quot;list&quot;,{&quot;spread&quot;:false,&quot;start&quot;:1361,&quot;end&quot;:2117},&quot;regular_list_item&quot;,{&quot;start&quot;:1706,&quot;end&quot;:1990}]\">Les livraisons le dimanche ne peuvent \u00eatre effectu\u00e9es que dans un p\u00e9rim\u00e8tre de 800 m\u00e8tres autour de la boutique. Les prestataires de livraison ne proposant pas de service ce jour-l\u00e0, les commandes en dehors de ce p\u00e9rim\u00e8tre ne pourront \u00eatre livr\u00e9es<\/p><p data-pm-slice=\"1 1 [&quot;list&quot;,{&quot;spread&quot;:false,&quot;start&quot;:1361,&quot;end&quot;:2117},&quot;regular_list_item&quot;,{&quot;start&quot;:1706,&quot;end&quot;:1990}]\">4.3-Click&amp;Collect<\/p><p data-pm-slice=\"1 1 [&quot;list&quot;,{&quot;spread&quot;:false,&quot;start&quot;:1361,&quot;end&quot;:2117},&quot;regular_list_item&quot;,{&quot;start&quot;:1991,&quot;end&quot;:2117}]\">Les commandes sont disponibles sous 3h au retrait en boutique selon les horaires pr\u00e9cis\u00e9s sur Google.<\/p>\t\t\t\t\t\t\t\t<\/div>\n\t\t\t\t<\/div>\n\t\t\t\t<div class=\"elementor-element elementor-element-c0d9254 elementor-widget elementor-widget-heading\" data-id=\"c0d9254\" data-element_type=\"widget\" data-e-type=\"widget\" data-widget_type=\"heading.default\">\n\t\t\t\t<div class=\"elementor-widget-container\">\n\t\t\t\t\t<h3 class=\"elementor-heading-title elementor-size-default\">5- Droit de r\u00e9tractation<\/h3>\t\t\t\t<\/div>\n\t\t\t\t<\/div>\n\t\t\t\t<div class=\"elementor-element elementor-element-19bb6bb elementor-widget elementor-widget-text-editor\" data-id=\"19bb6bb\" data-element_type=\"widget\" data-e-type=\"widget\" data-widget_type=\"text-editor.default\">\n\t\t\t\t<div class=\"elementor-widget-container\">\n\t\t\t\t\t\t\t\t\t<p data-pm-slice=\"1 1 []\">Conform\u00e9ment \u00e0 l\u2019article L.221-28 du Code de la consommation, le droit de r\u00e9tractation ne s\u2019applique pas aux produits p\u00e9rissables comme les fleurs ni aux \u00e9l\u00e9ments v\u00e9g\u00e9taux tels que les plantes. Pour les objets d\u00e9coratifs et vases, un retour est possible sous 14 jours apr\u00e8s r\u00e9ception, sous r\u00e9serve qu\u2019ils soient retourn\u00e9s en parfait \u00e9tat et dans leur emballage d\u2019origine.<\/p>\t\t\t\t\t\t\t\t<\/div>\n\t\t\t\t<\/div>\n\t\t\t\t<div class=\"elementor-element elementor-element-78ff0d4 elementor-widget elementor-widget-heading\" data-id=\"78ff0d4\" data-element_type=\"widget\" data-e-type=\"widget\" data-widget_type=\"heading.default\">\n\t\t\t\t<div class=\"elementor-widget-container\">\n\t\t\t\t\t<h3 class=\"elementor-heading-title elementor-size-default\">6- R\u00e9clamation &amp; Service client<\/h3>\t\t\t\t<\/div>\n\t\t\t\t<\/div>\n\t\t\t\t<div class=\"elementor-element elementor-element-e9ee451 elementor-widget elementor-widget-text-editor\" data-id=\"e9ee451\" data-element_type=\"widget\" data-e-type=\"widget\" data-widget_type=\"text-editor.default\">\n\t\t\t\t<div class=\"elementor-widget-container\">\n\t\t\t\t\t\t\t\t\t<p data-pm-slice=\"1 1 []\">Nos \u00e9quipes seront heureuses de vous apporter conseils et pr\u00e9cisions par t\u00e9l\u00e9phone au <a href=\"https:\/\/www.google.com\/search?q=parenthese+florale+lyon&amp;client=safari&amp;sca_esv=9219933314578648&amp;sxsrf=AHTn8zq5UhnSsogMknZ2MFg6s5JnZmD6yg%3A1739196441518&amp;source=hp&amp;ei=GQiqZ6LhG-7X7M8P2P6RsAc&amp;iflsig=ACkRmUkAAAAAZ6oWKaDBc_BxhFpEoCxudGAcG_hXulwQ&amp;oq=paren&amp;gs_lp=Egdnd3Mtd2l6IgVwYXJlbioCCAAyBBAjGCcyBBAjGCcyBBAjGCcyCxAAGIAEGLEDGIMBMgsQLhiABBixAxiDATIOEC4YgAQYxwEYjgUYrwEyBBAAGAMyDhAAGIAEGLEDGIMBGIoFMggQABiABBixAzIIEAAYgAQYsQNI1hhQAFi3BHAAeACQAQCYAWugAccDqgEDNC4xuAEByAEA-AEBmAIFoALqA8ICDhAuGIAEGLEDGNEDGMcBwgIKECMYgAQYJxiKBcICBRAAGIAEwgIIEC4YgAQYsQOYAwCSBwMzLjKgB5tD&amp;sclient=gws-wiz#\">04 51 23 39 67<\/a><\/p><p data-pm-slice=\"1 1 []\">Toute r\u00e9clamation doit \u00eatre adress\u00e9e par email \u00e0 <strong>contact@parentheseflorale.fr<\/strong> ou par courrier \u00e0 <strong>69, rue de Marseille, 69007 Lyon<\/strong>.<\/p>\t\t\t\t\t\t\t\t<\/div>\n\t\t\t\t<\/div>\n\t\t\t\t<div class=\"elementor-element elementor-element-8c4f8c3 elementor-widget elementor-widget-heading\" data-id=\"8c4f8c3\" data-element_type=\"widget\" data-e-type=\"widget\" data-widget_type=\"heading.default\">\n\t\t\t\t<div class=\"elementor-widget-container\">\n\t\t\t\t\t<h3 class=\"elementor-heading-title elementor-size-default\">7- Responsabilit\u00e9<\/h3>\t\t\t\t<\/div>\n\t\t\t\t<\/div>\n\t\t\t\t<div class=\"elementor-element elementor-element-89b9a3d elementor-widget elementor-widget-text-editor\" data-id=\"89b9a3d\" data-element_type=\"widget\" data-e-type=\"widget\" data-widget_type=\"text-editor.default\">\n\t\t\t\t<div class=\"elementor-widget-container\">\n\t\t\t\t\t\t\t\t\t<p data-pm-slice=\"1 1 []\">Parenth\u00e8se Florale s&#8217;engage \u00e0 assurer la disponibilit\u00e9 et la qualit\u00e9 des produits propos\u00e9s sur son site. Toutefois, la responsabilit\u00e9 de Parenth\u00e8se Florale ne saurait \u00eatre engag\u00e9e en cas de :<\/p>\n<ul data-spread=\"false\">\n<li>\n<p>Indisponibilit\u00e9 temporaire ou permanente du site pour des raisons techniques ind\u00e9pendantes de sa volont\u00e9.<\/p>\n<\/li>\n<li>\n<p>Retards ou d\u00e9fauts de livraison dus \u00e0 des circonstances exceptionnelles (gr\u00e8ves, conditions m\u00e9t\u00e9orologiques d\u00e9favorables, force majeure, etc.).<\/p>\n<\/li>\n<li>\n<p>Diff\u00e9rences minimes entre les produits livr\u00e9s et leur description en ligne, notamment en raison du caract\u00e8re naturel des fleurs et plantes.<\/p>\n<\/li>\n<li>\n<p>Mauvaise utilisation ou mauvais entretien des produits achet\u00e9s.<\/p>\n<\/li>\n<\/ul>\n<p>En aucun cas, Parenth\u00e8se Florale ne pourra \u00eatre tenue responsable de dommages indirects ou immat\u00e9riels r\u00e9sultant de l&#8217;utilisation du site ou des produits achet\u00e9s.<\/p>\t\t\t\t\t\t\t\t<\/div>\n\t\t\t\t<\/div>\n\t\t\t\t<div class=\"elementor-element elementor-element-b62b836 elementor-widget elementor-widget-heading\" data-id=\"b62b836\" data-element_type=\"widget\" data-e-type=\"widget\" data-widget_type=\"heading.default\">\n\t\t\t\t<div class=\"elementor-widget-container\">\n\t\t\t\t\t<h3 class=\"elementor-heading-title elementor-size-default\">8- Protection des donn\u00e9es personnelles<\/h3>\t\t\t\t<\/div>\n\t\t\t\t<\/div>\n\t\t\t\t<div class=\"elementor-element elementor-element-e98e2fa elementor-widget elementor-widget-text-editor\" data-id=\"e98e2fa\" data-element_type=\"widget\" data-e-type=\"widget\" data-widget_type=\"text-editor.default\">\n\t\t\t\t<div class=\"elementor-widget-container\">\n\t\t\t\t\t\t\t\t\t<p>8.1 Collecte des donn\u00e9es<\/p><p>Les informations personnelles collect\u00e9es sont utilis\u00e9es uniquement dans le cadre de la relation commerciale et ne sont pas transmises \u00e0 des tiers.<\/p><h4>\u00a0<\/h4><p>8.2 Utilisation des donn\u00e9es<\/p><p>Les donn\u00e9es sont utilis\u00e9es pour traiter les commandes, am\u00e9liorer l\u2019exp\u00e9rience client et envoyer des communications marketing si l\u2019utilisateur y consent.<\/p><p>8.3 S\u00e9curit\u00e9 des donn\u00e9es<\/p><p data-pm-slice=\"1 1 []\">Parenth\u00e8se Florale met en place des mesures de s\u00e9curit\u00e9 pour prot\u00e9ger les donn\u00e9es personnelles contre tout acc\u00e8s non autoris\u00e9.<\/p><p>8.4 Droit d&#8217;acc\u00e8s, de modification et suppression<\/p><p>Conform\u00e9ment \u00e0 la r\u00e9glementation en vigueur, l\u2019utilisateur peut exercer ses droits d\u2019acc\u00e8s, de rectification et de suppression de ses donn\u00e9es en contactant contact@parentheseflorale.fr.<\/p><p>8.5 Conservation des donn\u00e9es<\/p><p>Les donn\u00e9es sont conserv\u00e9es pendant la dur\u00e9e n\u00e9cessaire au traitement des commandes et aux obligations l\u00e9gales en vigueur.<\/p>\t\t\t\t\t\t\t\t<\/div>\n\t\t\t\t<\/div>\n\t\t\t\t<div class=\"elementor-element elementor-element-056e30b elementor-widget elementor-widget-heading\" data-id=\"056e30b\" data-element_type=\"widget\" data-e-type=\"widget\" data-widget_type=\"heading.default\">\n\t\t\t\t<div class=\"elementor-widget-container\">\n\t\t\t\t\t<h3 class=\"elementor-heading-title elementor-size-default\">9- Droit applicable &amp; litiges<\/h3>\t\t\t\t<\/div>\n\t\t\t\t<\/div>\n\t\t\t\t<div class=\"elementor-element elementor-element-fb1e962 elementor-widget elementor-widget-text-editor\" data-id=\"fb1e962\" data-element_type=\"widget\" data-e-type=\"widget\" data-widget_type=\"text-editor.default\">\n\t\t\t\t<div class=\"elementor-widget-container\">\n\t\t\t\t\t\t\t\t\t<p data-pm-slice=\"1 1 []\">Les pr\u00e9sentes CGV et la Politique de Protection des Donn\u00e9es Personnelles sont r\u00e9gies par le droit fran\u00e7ais. En cas de litige, une solution amiable sera privil\u00e9gi\u00e9e avant toute action judiciaire devant les tribunaux comp\u00e9tents de Lyon.<\/p><p data-pm-slice=\"1 1 []\">\u00a0<\/p><p data-pm-slice=\"1 1 []\">En validant sa commande, le client reconna\u00eet avoir pris connaissance et accept\u00e9 sans r\u00e9serve les pr\u00e9sentes Conditions G\u00e9n\u00e9rales de Vente et la Politique de Protection des Donn\u00e9es Personnelles.<\/p><p data-pm-slice=\"1 1 []\">\u00a0<\/p><p data-pm-slice=\"1 1 []\">\u00a0<\/p><p data-pm-slice=\"1 1 []\">\u00a0<\/p><p data-pm-slice=\"1 1 []\">\u00a0<\/p>\t\t\t\t\t\t\t\t<\/div>\n\t\t\t\t<\/div>\n\t\t\t\t\t<\/div>\n\t\t<\/div>\n\t\t\t\t\t<\/div>\n\t\t<\/section>\n\t\t\t\t<\/div>\n\t\t","protected":false},"excerpt":{"rendered":"<p>1-Pr\u00e9ambule Les pr\u00e9sentes Conditions G\u00e9n\u00e9rales de Vente et d&#8217;Utilisation r\u00e9gissent les relations contractuelles entre Parenth\u00e8se florale et ses clients. En passant commande sur le site www.parentheseflorale.fr, vous acceptez ces conditions dans leur int\u00e9gralit\u00e9. Nous vous invitons \u00e0 les lire attentivement avant toute utilisation ou achat. Pour toute information suppl\u00e9mentaire, n&#8217;h\u00e9sitez pas \u00e0 nous contacter \u00e0&#8230;<\/p>\n","protected":false},"author":1,"featured_media":0,"parent":0,"menu_order":0,"comment_status":"closed","ping_status":"closed","template":"","meta":{"om_disable_all_campaigns":false,"_monsterinsights_skip_tracking":false,"_monsterinsights_sitenote_active":false,"_monsterinsights_sitenote_note":"","_monsterinsights_sitenote_category":0,"footnotes":""},"class_list":["post-3953","page","type-page","status-publish","hentry"],"yoast_head":"<!-- This site is optimized with the Yoast SEO plugin v27.5 - https:\/\/yoast.com\/product\/yoast-seo-wordpress\/ -->\n<title>Conditions g\u00e9n\u00e9rales de ventes &amp; d&#039;usage - Parenth\u00e8se florale<\/title>\n<meta name=\"robots\" content=\"index, follow, max-snippet:-1, max-image-preview:large, max-video-preview:-1\" \/>\n<link rel=\"canonical\" href=\"https:\/\/parentheseflorale.fr\/?page_id=3953\" \/>\n<meta property=\"og:locale\" content=\"fr_FR\" \/>\n<meta property=\"og:type\" content=\"article\" \/>\n<meta property=\"og:title\" content=\"Conditions g\u00e9n\u00e9rales de ventes &amp; d&#039;usage - Parenth\u00e8se florale\" \/>\n<meta property=\"og:description\" content=\"1-Pr\u00e9ambule Les pr\u00e9sentes Conditions G\u00e9n\u00e9rales de Vente et d&#8217;Utilisation r\u00e9gissent les relations contractuelles entre Parenth\u00e8se florale et ses clients. En passant commande sur le site www.parentheseflorale.fr, vous acceptez ces conditions dans leur int\u00e9gralit\u00e9. Nous vous invitons \u00e0 les lire attentivement avant toute utilisation ou achat. Pour toute information suppl\u00e9mentaire, n&#8217;h\u00e9sitez pas \u00e0 nous contacter \u00e0...\" \/>\n<meta property=\"og:url\" content=\"https:\/\/parentheseflorale.fr\/?page_id=3953\" \/>\n<meta property=\"og:site_name\" content=\"Parenth\u00e8se florale\" \/>\n<meta property=\"article:modified_time\" content=\"2025-02-10T14:22:48+00:00\" \/>\n<meta name=\"twitter:card\" content=\"summary_large_image\" \/>\n<meta name=\"twitter:label1\" content=\"Dur\u00e9e de lecture estim\u00e9e\" \/>\n\t<meta name=\"twitter:data1\" content=\"5 minutes\" \/>\n<script type=\"application\/ld+json\" class=\"yoast-schema-graph\">{\"@context\":\"https:\\\/\\\/schema.org\",\"@graph\":[{\"@type\":\"WebPage\",\"@id\":\"https:\\\/\\\/parentheseflorale.fr\\\/?page_id=3953\",\"url\":\"https:\\\/\\\/parentheseflorale.fr\\\/?page_id=3953\",\"name\":\"Conditions g\u00e9n\u00e9rales de ventes & d'usage - Parenth\u00e8se florale\",\"isPartOf\":{\"@id\":\"https:\\\/\\\/parentheseflorale.fr\\\/#website\"},\"datePublished\":\"2021-04-30T15:31:33+00:00\",\"dateModified\":\"2025-02-10T14:22:48+00:00\",\"breadcrumb\":{\"@id\":\"https:\\\/\\\/parentheseflorale.fr\\\/?page_id=3953#breadcrumb\"},\"inLanguage\":\"fr-FR\",\"potentialAction\":[{\"@type\":\"ReadAction\",\"target\":[\"https:\\\/\\\/parentheseflorale.fr\\\/?page_id=3953\"]}]},{\"@type\":\"BreadcrumbList\",\"@id\":\"https:\\\/\\\/parentheseflorale.fr\\\/?page_id=3953#breadcrumb\",\"itemListElement\":[{\"@type\":\"ListItem\",\"position\":1,\"name\":\"Accueil\",\"item\":\"https:\\\/\\\/parentheseflorale.fr\\\/\"},{\"@type\":\"ListItem\",\"position\":2,\"name\":\"Conditions g\u00e9n\u00e9rales de ventes &#038; d&rsquo;usage\"}]},{\"@type\":\"WebSite\",\"@id\":\"https:\\\/\\\/parentheseflorale.fr\\\/#website\",\"url\":\"https:\\\/\\\/parentheseflorale.fr\\\/\",\"name\":\"Parenth\u00e8se florale\",\"description\":\"&quot;offrez vous un moment entre parenth\u00e8ses&quot;\",\"publisher\":{\"@id\":\"https:\\\/\\\/parentheseflorale.fr\\\/#organization\"},\"potentialAction\":[{\"@type\":\"SearchAction\",\"target\":{\"@type\":\"EntryPoint\",\"urlTemplate\":\"https:\\\/\\\/parentheseflorale.fr\\\/?s={search_term_string}\"},\"query-input\":{\"@type\":\"PropertyValueSpecification\",\"valueRequired\":true,\"valueName\":\"search_term_string\"}}],\"inLanguage\":\"fr-FR\"},{\"@type\":\"Organization\",\"@id\":\"https:\\\/\\\/parentheseflorale.fr\\\/#organization\",\"name\":\"Parenth\u00e8se florale\",\"url\":\"https:\\\/\\\/parentheseflorale.fr\\\/\",\"logo\":{\"@type\":\"ImageObject\",\"inLanguage\":\"fr-FR\",\"@id\":\"https:\\\/\\\/parentheseflorale.fr\\\/#\\\/schema\\\/logo\\\/image\\\/\",\"url\":\"https:\\\/\\\/parentheseflorale.fr\\\/wp-content\\\/uploads\\\/2021\\\/02\\\/PF-OK-transparent-01.png\",\"contentUrl\":\"https:\\\/\\\/parentheseflorale.fr\\\/wp-content\\\/uploads\\\/2021\\\/02\\\/PF-OK-transparent-01.png\",\"width\":1248,\"height\":1247,\"caption\":\"Parenth\u00e8se florale\"},\"image\":{\"@id\":\"https:\\\/\\\/parentheseflorale.fr\\\/#\\\/schema\\\/logo\\\/image\\\/\"}}]}<\/script>\n<!-- \/ Yoast SEO plugin. -->","yoast_head_json":{"title":"Conditions g\u00e9n\u00e9rales de ventes & d'usage - Parenth\u00e8se florale","robots":{"index":"index","follow":"follow","max-snippet":"max-snippet:-1","max-image-preview":"max-image-preview:large","max-video-preview":"max-video-preview:-1"},"canonical":"https:\/\/parentheseflorale.fr\/?page_id=3953","og_locale":"fr_FR","og_type":"article","og_title":"Conditions g\u00e9n\u00e9rales de ventes & d'usage - Parenth\u00e8se florale","og_description":"1-Pr\u00e9ambule Les pr\u00e9sentes Conditions G\u00e9n\u00e9rales de Vente et d&#8217;Utilisation r\u00e9gissent les relations contractuelles entre Parenth\u00e8se florale et ses clients. En passant commande sur le site www.parentheseflorale.fr, vous acceptez ces conditions dans leur int\u00e9gralit\u00e9. Nous vous invitons \u00e0 les lire attentivement avant toute utilisation ou achat. Pour toute information suppl\u00e9mentaire, n&#8217;h\u00e9sitez pas \u00e0 nous contacter \u00e0...","og_url":"https:\/\/parentheseflorale.fr\/?page_id=3953","og_site_name":"Parenth\u00e8se florale","article_modified_time":"2025-02-10T14:22:48+00:00","twitter_card":"summary_large_image","twitter_misc":{"Dur\u00e9e de lecture estim\u00e9e":"5 minutes"},"schema":{"@context":"https:\/\/schema.org","@graph":[{"@type":"WebPage","@id":"https:\/\/parentheseflorale.fr\/?page_id=3953","url":"https:\/\/parentheseflorale.fr\/?page_id=3953","name":"Conditions g\u00e9n\u00e9rales de ventes & d'usage - Parenth\u00e8se florale","isPartOf":{"@id":"https:\/\/parentheseflorale.fr\/#website"},"datePublished":"2021-04-30T15:31:33+00:00","dateModified":"2025-02-10T14:22:48+00:00","breadcrumb":{"@id":"https:\/\/parentheseflorale.fr\/?page_id=3953#breadcrumb"},"inLanguage":"fr-FR","potentialAction":[{"@type":"ReadAction","target":["https:\/\/parentheseflorale.fr\/?page_id=3953"]}]},{"@type":"BreadcrumbList","@id":"https:\/\/parentheseflorale.fr\/?page_id=3953#breadcrumb","itemListElement":[{"@type":"ListItem","position":1,"name":"Accueil","item":"https:\/\/parentheseflorale.fr\/"},{"@type":"ListItem","position":2,"name":"Conditions g\u00e9n\u00e9rales de ventes &#038; d&rsquo;usage"}]},{"@type":"WebSite","@id":"https:\/\/parentheseflorale.fr\/#website","url":"https:\/\/parentheseflorale.fr\/","name":"Parenth\u00e8se florale","description":"&quot;offrez vous un moment entre parenth\u00e8ses&quot;","publisher":{"@id":"https:\/\/parentheseflorale.fr\/#organization"},"potentialAction":[{"@type":"SearchAction","target":{"@type":"EntryPoint","urlTemplate":"https:\/\/parentheseflorale.fr\/?s={search_term_string}"},"query-input":{"@type":"PropertyValueSpecification","valueRequired":true,"valueName":"search_term_string"}}],"inLanguage":"fr-FR"},{"@type":"Organization","@id":"https:\/\/parentheseflorale.fr\/#organization","name":"Parenth\u00e8se florale","url":"https:\/\/parentheseflorale.fr\/","logo":{"@type":"ImageObject","inLanguage":"fr-FR","@id":"https:\/\/parentheseflorale.fr\/#\/schema\/logo\/image\/","url":"https:\/\/parentheseflorale.fr\/wp-content\/uploads\/2021\/02\/PF-OK-transparent-01.png","contentUrl":"https:\/\/parentheseflorale.fr\/wp-content\/uploads\/2021\/02\/PF-OK-transparent-01.png","width":1248,"height":1247,"caption":"Parenth\u00e8se florale"},"image":{"@id":"https:\/\/parentheseflorale.fr\/#\/schema\/logo\/image\/"}}]}},"jetpack_sharing_enabled":true,"_links":{"self":[{"href":"https:\/\/parentheseflorale.fr\/index.php?rest_route=\/wp\/v2\/pages\/3953","targetHints":{"allow":["GET"]}}],"collection":[{"href":"https:\/\/parentheseflorale.fr\/index.php?rest_route=\/wp\/v2\/pages"}],"about":[{"href":"https:\/\/parentheseflorale.fr\/index.php?rest_route=\/wp\/v2\/types\/page"}],"author":[{"embeddable":true,"href":"https:\/\/parentheseflorale.fr\/index.php?rest_route=\/wp\/v2\/users\/1"}],"replies":[{"embeddable":true,"href":"https:\/\/parentheseflorale.fr\/index.php?rest_route=%2Fwp%2Fv2%2Fcomments&post=3953"}],"version-history":[{"count":4,"href":"https:\/\/parentheseflorale.fr\/index.php?rest_route=\/wp\/v2\/pages\/3953\/revisions"}],"predecessor-version":[{"id":990269,"href":"https:\/\/parentheseflorale.fr\/index.php?rest_route=\/wp\/v2\/pages\/3953\/revisions\/990269"}],"wp:attachment":[{"href":"https:\/\/parentheseflorale.fr\/index.php?rest_route=%2Fwp%2Fv2%2Fmedia&parent=3953"}],"curies":[{"name":"wp","href":"https:\/\/api.w.org\/{rel}","templated":true}]}}